{"id":1763,"date":"2025-03-09T10:06:53","date_gmt":"2025-03-09T10:06:53","guid":{"rendered":"https:\/\/bashkimi.ch\/?page_id=1763"},"modified":"2026-01-29T23:17:06","modified_gmt":"2026-01-29T23:17:06","slug":"vallezimi","status":"publish","type":"page","link":"https:\/\/bashkimi.ch\/de\/vallezimi\/","title":{"rendered":"Tanzen"},"content":{"rendered":"<div class=\"wpb-content-wrapper\"><div data-vc-full-width=\"true\" data-vc-full-width-temp=\"true\" data-vc-full-width-init=\"false\" class=\"vc_row wpb_row vc_row-fluid vc_row-o-full-height vc_row-o-columns-middle vc_row-flex\"><div class=\"wpb_column vc_column_container vc_col-sm-12\"><div class=\"vc_column-inner\"><div class=\"wpb_wrapper\">\n\t<div class=\"wpb_text_column wpb_content_element\" >\n\t\t<div class=\"wpb_wrapper\">\n\t\t\t<p style=\"text-align: center;\"><span style=\"font-size: 24px; color: #ff0000;\"><strong>Mitteilung \u00fcber die Anmeldungen zum Tanzunterricht<\/strong><\/span><\/p>\n<p style=\"text-align: center;\" data-start=\"345\" data-end=\"520\"><span style=\"color: #ff0000; font-size: 19px;\">Liebe Besucher und Freunde des albanischen Tanzes<\/span><br data-start=\"401\" data-end=\"404\"><span style=\"color: #ff0000; font-size: 19px;\">Wir informieren dich dar\u00fcber, dass derzeit alle unsere Gruppen voll besetzt sind und keine freien Pl\u00e4tze f\u00fcr neue T\u00e4nzerinnen und T\u00e4nzer verf\u00fcgbar sind.<\/span><\/p>\n<p style=\"text-align: center;\" data-start=\"522\" data-end=\"725\"><span style=\"color: #ff0000; font-size: 19px;\">Du bist dennoch herzlich eingeladen, uns zu besuchen, wo wir dich auf die Warteliste eintragen k\u00f6nnen. Neue Anmeldungen werden ge\u00f6ffnet, sobald eine neue Gruppe gebildet wird oder Pl\u00e4tze in den bestehenden Gruppen frei werden.<\/span><\/p>\n<p style=\"text-align: center;\" data-start=\"727\" data-end=\"778\"><span style=\"color: #ff0000; font-size: 19px;\">Vielen Dank f\u00fcr dein Verst\u00e4ndnis und dein Interesse.<\/span><\/p>\n\n\t\t<\/div>\n\t<\/div>\n<div class=\"vc_row wpb_row vc_inner vc_row-fluid\"><div class=\"wpb_column vc_column_container vc_col-sm-6\"><div class=\"vc_column-inner\"><div class=\"wpb_wrapper\"><style>.vc_btn3-style-gradient-custom.vc_btn-gradient-btn-69e78604007a2:hover{color: #ffffff;background-color: #000000;border: none;background-position: 100% 0;}<\/style><style>.vc_btn3-style-gradient-custom.vc_btn-gradient-btn-69e78604007a2{color: #ffffff;border: none;background-color: #DD4133;background-image: -webkit-linear-gradient(left, #DD4133 0%, #000000 50%,#DD4133 100%);background-image: linear-gradient(to right, #DD4133 0%, #000000 50%,#DD4133 100%);-webkit-transition: all .2s ease-in-out;transition: all .2s ease-in-out;background-size: 200% 100%;}<\/style><div class=\"vc_btn3-container vc_btn3-center vc_do_btn\" ><a data-vc-gradient-1=\"#DD4133\" data-vc-gradient-2=\"#000000\" class=\"vc_general vc_btn3 vc_btn3-size-lg vc_btn3-shape-rounded vc_btn3-style-gradient-custom vc_btn3-block vc_btn-gradient-btn-69e78604007a2\" href=\"https:\/\/bashkimi.ch\/de\/formulari-per-vizitor\/\" title=\"Besuche uns \u2013 melde dich hier an\">Besuche uns \u2013 melde dich hier an<\/a><\/div><\/div><\/div><\/div><div class=\"wpb_column vc_column_container vc_col-sm-6\"><div class=\"vc_column-inner\"><div class=\"wpb_wrapper\"><style>.vc_btn3-style-gradient-custom.vc_btn-gradient-btn-69e78604009d4:hover{color: #ffffff;background-color: #DD3333;border: none;background-position: 100% 0;}<\/style><style>.vc_btn3-style-gradient-custom.vc_btn-gradient-btn-69e78604009d4{color: #ffffff;border: none;background-color: #000000;background-image: -webkit-linear-gradient(left, #000000 0%, #DD3333 50%,#000000 100%);background-image: linear-gradient(to right, #000000 0%, #DD3333 50%,#000000 100%);-webkit-transition: all .2s ease-in-out;transition: all .2s ease-in-out;background-size: 200% 100%;}<\/style><div class=\"vc_btn3-container vc_btn3-center vc_do_btn\" ><a data-vc-gradient-1=\"#000000\" data-vc-gradient-2=\"#DD3333\" class=\"vc_general vc_btn3 vc_btn3-size-lg vc_btn3-shape-rounded vc_btn3-style-gradient-custom vc_btn3-block vc_btn-gradient-btn-69e78604009d4\" href=\"https:\/\/bashkimi.ch\/de\/formulari-per-vallezim\/\" title=\"Tanze bei uns\">Tanze mit uns \u2013 melde dich hier an<\/a><\/div><\/div><\/div><\/div><\/div><div class=\"vc_row wpb_row vc_inner vc_row-fluid\"><div class=\"wpb_column vc_column_container vc_col-sm-12\"><div class=\"vc_column-inner\"><div class=\"wpb_wrapper\"><div class=\"vc_separator wpb_content_element vc_separator_align_center vc_sep_width_100 vc_sep_pos_align_center vc_separator_no_text vc_sep_color_grey wpb_content_element  wpb_content_element\" ><span class=\"vc_sep_holder vc_sep_holder_l\"><span class=\"vc_sep_line\"><\/span><\/span><span class=\"vc_sep_holder vc_sep_holder_r\"><span class=\"vc_sep_line\"><\/span><\/span>\n<\/div><\/div><\/div><\/div><\/div>\n\t<div class=\"wpb_text_column wpb_content_element\" >\n\t\t<div class=\"wpb_wrapper\">\n\t\t\t<p data-start=\"794\" data-end=\"856\"><span style=\"font-family: Arial;\"><strong data-start=\"794\" data-end=\"856\">Der Tanz, der K\u00f6rper, Seele und Tradition vereint<br \/>\n<\/strong><\/span><span style=\"font-family: Arial;\">Im Albanischen Kulturverein Bashkimi ist Tanzen mehr als nur Bewegung \u2013 es ist unsere Art, die Wurzeln zu bewahren, die Generationen zu verbinden und die albanische Kultur auch hier, wo wir leben, lebendig zu halten.<\/span><\/p>\n<p data-start=\"1074\" data-end=\"1388\"><span style=\"font-family: Arial;\"><strong data-start=\"1074\" data-end=\"1096\">Tanzen als Sport<\/strong><\/span><br data-start=\"1096\" data-end=\"1099\"><span style=\"font-family: Arial;\">Tanzen erfordert Einsatz, Kraft und Disziplin.\nEs ist ein ganzheitliches Training f\u00fcr K\u00f6rper und Geist \u2013 ein Training, das Ausdauer, Gleichgewicht und Rhythmus f\u00f6rdert.\nWie im Leistungssport verlangt jeder Schritt Konzentration, Koordination und Selbstbeherrschung.\nF\u00fcr uns ist Tanzen Gymnastik mit Seele.<br \/>\nTanzen f\u00f6rdert die ganzheitliche Entwicklung des K\u00f6rpers.\nEs aktiviert die Muskeln, verbessert die Durchblutung, die Koordination und das Rhythmusgef\u00fchl.\nWie jede Sportart erfordert es Disziplin, Hingabe und Respekt gegen\u00fcber dem eigenen K\u00f6rper.<br data-start=\"1621\" data-end=\"1624\">Durch das Tanzen lernen Kinder und Jugendliche, ihren K\u00f6rper bewusst wahrzunehmen, ihre Bewegungen zu kontrollieren und k\u00f6rperliche sowie mentale Ausdauer aufzubauen.<br \/>\n<\/span><\/p>\n<p data-start=\"1393\" data-end=\"1657\"><span style=\"font-family: Arial;\"><strong data-start=\"1393\" data-end=\"1413\">Tanzen als Kunst<\/strong><\/span><br data-start=\"1413\" data-end=\"1416\"><span style=\"font-family: Arial;\">Jede Bewegung ist ein Vers, jede Wendung eine Metapher. Durch den K\u00f6rper dr\u00fccken wir das aus, was Worte nicht sagen k\u00f6nnen. Die Kunst des Tanzes ist eine universelle Sprache, sie spricht von Liebe, von Sehnsucht und von dem nationalen Stolz, der niemals vergeht.<\/span><\/p>\n<p data-start=\"1662\" data-end=\"2076\"><span style=\"font-family: Arial;\"><strong data-start=\"1662\" data-end=\"1698\">Der Tanz als Ausdruck der Gef\u00fchle<\/strong><\/span><br data-start=\"1698\" data-end=\"1701\"><span style=\"font-family: Arial;\">Wenn du tanzt, wirst du selbst zur Bewegung der Gef\u00fchle.\nEs ist die ehrlichste Art, lautlos zu lachen und ohne Tr\u00e4nen zu weinen.\nIn jedem Rhythmus, in jedem Schritt verwandelt sich der Tanz in ein Gebet, das die Seele mit der Erde und der Musik verbindet.<\/span><br data-start=\"1925\" data-end=\"1928\"><span style=\"font-family: Arial;\">F\u00fcr uns im Verein Bashkimi ist der Tanz eine Br\u00fccke zwischen den Generationen und Kulturen, ein lebendiges Zeugnis daf\u00fcr, dass unsere Identit\u00e4t mit jedem Schritt auf der B\u00fchne lebt, atmet und w\u00e4chst.<\/span><\/p>\n<p data-start=\"2081\" data-end=\"2147\"><span style=\"font-family: Arial;\"><em data-start=\"2081\" data-end=\"2147\">\"Wenn der K\u00f6rper im Rhythmus des Herzens spricht, wird die Kultur unsterblich\"<\/em><\/span><\/p>\n\n\t\t<\/div>\n\t<\/div>\n<\/div><\/div><\/div><\/div><div class=\"vc_row-full-width vc_clearfix\"><\/div><div class=\"vc_row wpb_row vc_row-fluid\"><div class=\"wpb_column vc_column_container vc_col-sm-12\"><div class=\"vc_column-inner\"><div class=\"wpb_wrapper\"><div class=\"cz_gap clr  hide_on_tablet hide_on_mobile\" style=\"height: 75px\"><\/div><div class=\"cz_gap show_on_tablet clr\" style=\"height: 50px\"><\/div><div id=\"cz_103628\" class=\"cz_103628 cz_title clr cz_title_ba_line cz_title_pos_inline\"><div class=\"cz_title_content\"><div class=\"cz_wpe_content\"><h3 class=\"translation-block\">Die Tanzgruppen des Vereins Bashkimi<\/h3>\n<\/div><div class=\"cz_title_line cz_line_after_title\"><span>_<\/span><\/div><\/div><\/div><div class=\"cz_gap clr  hide_on_tablet hide_on_mobile\" style=\"height: 75px\"><\/div><div class=\"cz_gap show_on_tablet clr\" style=\"height: 50px\"><\/div><\/div><\/div><\/div><\/div><div class=\"vc_row wpb_row vc_row-fluid\"><div class=\"wpb_column vc_column_container vc_col-sm-12 vc_col-md-4\"><div class=\"vc_column-inner\"><div class=\"wpb_wrapper\"><div class=\"cz_eqh cz_content_box_parent_fx\"><div class=\"fx_bob_hover\"><div id=\"cz_88454\" class=\"cz_88454 cz_content_box clr\"><div class=\"cz_box_front clr\"><div class=\"cz_box_front_inner clr\"><span><\/span><div><div id=\"cz_106577\" class=\"cz_106577 cz_title clr cz_title_ba_line cz_title_pos_inline\"><div class=\"cz_title_content\"><div class=\"cz_wpe_content\"><h4><strong>Die Adler<\/strong><\/h4>\n<\/div><div class=\"cz_title_line cz_line_after_title\"><span>_<\/span><\/div><\/div><\/div>\n\t<div class=\"wpb_text_column wpb_content_element\" >\n\t\t<div class=\"wpb_wrapper\">\n\t\t\t<p><strong>MEHRZWECKSAAL SPRACHEN<\/strong><br \/>\nApothekerstrasse 13, 8610 Uster<br \/>\n\u00d6ffnungszeiten: Jeden Freitag Zeit: 20:00-21:45<\/p>\n\n\t\t<\/div>\n\t<\/div>\n<\/div><\/div><\/div><\/div><\/div><\/div><div class=\"cz_gap clr\" style=\"height: 30px\"><\/div><div class=\"cz_eqh cz_content_box_parent_fx\"><div class=\"fx_bob_hover\"><div id=\"cz_23089\" class=\"cz_23089 cz_content_box clr\"><div class=\"cz_box_front clr\"><div class=\"cz_box_front_inner clr\"><span><\/span><div><div id=\"cz_105530\" class=\"cz_105530 cz_title clr cz_title_ba_line cz_title_pos_inline\"><div class=\"cz_title_content\"><div class=\"cz_wpe_content\"><h4><strong>Die Spatzen<\/strong><\/h4>\n<\/div><div class=\"cz_title_line cz_line_after_title\"><span>_<\/span><\/div><\/div><\/div>\n\t<div class=\"wpb_text_column wpb_content_element\" >\n\t\t<div class=\"wpb_wrapper\">\n\t\t\t<p><strong>Schuleinheit Oberuster<\/strong><br \/>\nAathalstrasse 31, 8610 Uster<br \/>\n\u00d6ffnungszeiten: Jeden Freitag Zeit: 18:00-19:45<\/p>\n\n\t\t<\/div>\n\t<\/div>\n<\/div><\/div><\/div><\/div><\/div><\/div><div class=\"cz_gap clr\" style=\"height: 30px\"><\/div><\/div><\/div><\/div><div class=\"wpb_column vc_column_container vc_col-sm-12 vc_col-md-4\"><div class=\"vc_column-inner\"><div class=\"wpb_wrapper\"><div class=\"cz_eqh cz_content_box_parent_fx\"><div class=\"fx_bob_hover\"><div id=\"cz_78385\" class=\"cz_78385 cz_content_box clr\"><div class=\"cz_box_front clr\"><div class=\"cz_box_front_inner clr\"><span><\/span><div><div id=\"cz_57044\" class=\"cz_57044 cz_title clr cz_title_ba_line cz_title_pos_inline\"><div class=\"cz_title_content\"><div class=\"cz_wpe_content\"><h4>Die M\u00f6wen<\/h4>\n<\/div><div class=\"cz_title_line cz_line_after_title\"><span>_<\/span><\/div><\/div><\/div>\n\t<div class=\"wpb_text_column wpb_content_element\" >\n\t\t<div class=\"wpb_wrapper\">\n\t\t\t<p><strong>Schuleinheit Oberuster<\/strong><br \/>\nAathalstrasse 31, 8610 Uster<br \/>\n\u00d6ffnungszeiten: Jeden Freitag Zeit: 20:00-21:45<\/p>\n\n\t\t<\/div>\n\t<\/div>\n<\/div><\/div><\/div><\/div><\/div><\/div><div class=\"cz_gap clr\" style=\"height: 30px\"><\/div><div class=\"cz_eqh cz_content_box_parent_fx\"><div class=\"fx_bob_hover\"><div id=\"cz_39554\" class=\"cz_39554 cz_content_box clr\"><div class=\"cz_box_front clr\"><div class=\"cz_box_front_inner clr\"><span><\/span><div><div id=\"cz_108106\" class=\"cz_108106 cz_title clr cz_title_ba_line cz_title_pos_inline\"><div class=\"cz_title_content\"><div class=\"cz_wpe_content\"><h4>Die Nachtigallen<\/h4>\n<\/div><div class=\"cz_title_line cz_line_after_title\"><span>_<\/span><\/div><\/div><\/div>\n\t<div class=\"wpb_text_column wpb_content_element\" >\n\t\t<div class=\"wpb_wrapper\">\n\t\t\t<p><strong>Vereinslokal - Zeughaaus<\/strong><br \/>\nBerchtoldstrasse 10, 8610 Uster<br \/>\n\u00d6ffnungszeiten: Jeden Freitag Zeit: 18:00-19:45<\/p>\n\n\t\t<\/div>\n\t<\/div>\n<\/div><\/div><\/div><\/div><\/div><\/div><div class=\"cz_gap clr\" style=\"height: 30px\"><\/div><\/div><\/div><\/div><div class=\"wpb_column vc_column_container vc_col-sm-12 vc_col-md-4\"><div class=\"vc_column-inner\"><div class=\"wpb_wrapper\"><div class=\"cz_eqh cz_content_box_parent_fx\"><div class=\"fx_bob_hover\"><div id=\"cz_66426\" class=\"cz_66426 cz_content_box clr\"><div class=\"cz_box_front clr\"><div class=\"cz_box_front_inner clr\"><span><\/span><div><div id=\"cz_79503\" class=\"cz_79503 cz_title clr cz_title_ba_line cz_title_pos_inline\"><div class=\"cz_title_content\"><div class=\"cz_wpe_content\"><h4><strong>Die Schwalben<\/strong><\/h4>\n<\/div><div class=\"cz_title_line cz_line_after_title\"><span>_<\/span><\/div><\/div><\/div>\n\t<div class=\"wpb_text_column wpb_content_element\" >\n\t\t<div class=\"wpb_wrapper\">\n\t\t\t<p><strong>MEHRZWECKSAAL KREZ<\/strong><br \/>\nApothekerstrasse 13, 8610 Uster<br \/>\n\u00d6ffnungszeiten: Jeden Freitag Zeit: 18:00-19:45<\/p>\n\n\t\t<\/div>\n\t<\/div>\n<\/div><\/div><\/div><\/div><\/div><\/div><div class=\"cz_gap clr\" style=\"height: 30px\"><\/div><div class=\"cz_eqh cz_content_box_parent_fx\"><div class=\"fx_bob_hover\"><div id=\"cz_54130\" class=\"cz_54130 cz_content_box clr\"><div class=\"cz_box_front clr\"><div class=\"cz_box_front_inner clr\"><span><\/span><div><div id=\"cz_40997\" class=\"cz_40997 cz_title clr cz_title_ba_line cz_title_pos_inline\"><div class=\"cz_title_content\"><div class=\"cz_wpe_content\"><h4><strong>Die Schmetterlinge<\/strong><\/h4>\n<\/div><div class=\"cz_title_line cz_line_after_title\"><span>_<\/span><\/div><\/div><\/div>\n\t<div class=\"wpb_text_column wpb_content_element\" >\n\t\t<div class=\"wpb_wrapper\">\n\t\t\t<p><strong>Freizeit - und Jugendzentrum Frjz<\/strong><br \/>\nZ\u00fcrichstrasse 30, 8610 Uster<br \/>\n\u00d6ffnungszeiten: Jeden Freitag Zeit: 18:00-19:45<\/p>\n\n\t\t<\/div>\n\t<\/div>\n<\/div><\/div><\/div><\/div><\/div><\/div><div class=\"cz_gap clr\" style=\"height: 30px\"><\/div><\/div><\/div><\/div><\/div><div class=\"vc_row wpb_row vc_row-fluid\"><div class=\"wpb_column vc_column_container vc_col-sm-12\"><div class=\"vc_column-inner\"><div class=\"wpb_wrapper\"><\/div><\/div><\/div><\/div><div class=\"vc_row wpb_row vc_row-fluid\"><div class=\"wpb_column vc_column_container vc_col-sm-12\"><div class=\"vc_column-inner\"><div class=\"wpb_wrapper\"><div class=\"cz_gap clr  hide_on_tablet hide_on_mobile\" style=\"height: 75px\"><\/div><div class=\"cz_gap show_on_tablet clr  show_only_tablet\" style=\"height: 30px\"><\/div><div class=\"cz_gap show_on_mobile clr\" style=\"height: 20px\"><\/div><\/div><\/div><\/div><\/div>\n<\/div>","protected":false},"excerpt":{"rendered":"Njoftim p\u00ebr regjistrimet n\u00eb vall\u00ebzim T\u00eb dashur vizitor\u00eb dhe dashamir\u00eb t\u00eb Vall\u00ebzimit Shqiptar,ju njoftojm\u00eb se aktualisht t\u00eb gjitha grupet tona","protected":false},"author":1,"featured_media":0,"parent":0,"menu_order":0,"comment_status":"closed","ping_status":"closed","template":"","meta":{"footnotes":""},"class_list":["post-1763","page","type-page","status-publish","hentry"],"_links":{"self":[{"href":"https:\/\/bashkimi.ch\/de\/wp-json\/wp\/v2\/pages\/1763","targetHints":{"allow":["GET"]}}],"collection":[{"href":"https:\/\/bashkimi.ch\/de\/wp-json\/wp\/v2\/pages"}],"about":[{"href":"https:\/\/bashkimi.ch\/de\/wp-json\/wp\/v2\/types\/page"}],"author":[{"embeddable":true,"href":"https:\/\/bashkimi.ch\/de\/wp-json\/wp\/v2\/users\/1"}],"replies":[{"embeddable":true,"href":"https:\/\/bashkimi.ch\/de\/wp-json\/wp\/v2\/comments?post=1763"}],"version-history":[{"count":56,"href":"https:\/\/bashkimi.ch\/de\/wp-json\/wp\/v2\/pages\/1763\/revisions"}],"predecessor-version":[{"id":3511,"href":"https:\/\/bashkimi.ch\/de\/wp-json\/wp\/v2\/pages\/1763\/revisions\/3511"}],"wp:attachment":[{"href":"https:\/\/bashkimi.ch\/de\/wp-json\/wp\/v2\/media?parent=1763"}],"curies":[{"name":"wp","href":"https:\/\/api.w.org\/{rel}","templated":true}]}}