{"id":1780,"date":"2025-03-09T11:55:07","date_gmt":"2025-03-09T11:55:07","guid":{"rendered":"https:\/\/bashkimi.ch\/?page_id=1780"},"modified":"2026-01-31T09:44:35","modified_gmt":"2026-01-31T09:44:35","slug":"historiku","status":"publish","type":"page","link":"https:\/\/bashkimi.ch\/de\/historiku\/","title":{"rendered":"Unsere Geschichte"},"content":{"rendered":"<div class=\"wpb-content-wrapper\"><div class=\"vc_row wpb_row vc_row-fluid\"><div class=\"wpb_column vc_column_container vc_col-sm-12\"><div class=\"vc_column-inner\"><div class=\"wpb_wrapper\"><div id=\"cz_49576\" class=\"cz_49576 cz_title clr cz_title_ba_line cz_title_pos_inline\"><div class=\"cz_title_shape shape_text cz_shape_1\"><\/div><div class=\"cz_title_content\"><div class=\"cz_wpe_content\"><h3><strong>Albanischer Kulturverein <\/strong><strong>Bashkimi <\/strong>mit Ihnen seit 1993<\/h3>\n<\/div><div class=\"cz_title_line cz_line_after_title\"><span>_<\/span><\/div><\/div><\/div>\n\t<div class=\"wpb_text_column wpb_content_element\" >\n\t\t<div class=\"wpb_wrapper\">\n\t\t\t<p><span style=\"font-family: Arial; font-size: 16px;\"><strong>Unsere Gr\u00fcndung und Mission<\/strong><\/span><br \/>\n<span style=\"font-family: Arial; font-size: 16px;\">Der Verein \"Bashkimi\" wurde 1993 in der Stadt Uster in der Schweiz von einer Gruppe albanischer Auswanderer aus unseren ethnischen L\u00e4ndern gegr\u00fcndet. In einer turbulenten Zeit f\u00fcr das albanische Volk, insbesondere im Kosovo und in Mazedonien, sahen es die Gr\u00fcnder dieses Vereins als notwendig an, ein albanisches Zentrum einzurichten, in dem sie sich treffen, reden und f\u00fcr die nationale Frage mobilisieren konnten. Viele der ersten Mitglieder waren politisch verfolgt, hatten in der Schweiz Zuflucht gefunden und f\u00fchlten sich ihrer Heimat stark verpflichtet.<\/span><\/p>\n<p><span style=\"font-family: Arial; font-size: 16px;\">Das Hauptziel der Organisation zu dieser Zeit war die Hilfe des Betons, f\u00fcr das Land, die Unterst\u00fctzung der p\u00ebrndjekurit, politischen, und f\u00fcr die Leute, die kamen aus den Gebieten Albaniens, vor allem w\u00e4hrend der Krise der gro\u00dfen Abdeckungen des Kosovo und die ehemalige Jugoslawische Republik Mazedonien am Ende der &#039;90er Jahre.<\/span><\/p>\n<p><span style=\"font-family: Arial; font-size: 16px;\"><strong>Unsere Aktivit\u00e4ten in den Anfangsjahren<\/strong><\/span><br \/>\n<span style=\"font-family: Arial; font-size: 16px;\">Der Verein \u201eBashkimi\u201c wurde sofort zu einem wichtigen Treffpunkt f\u00fcr die albanische Gemeinschaft in der Schweiz.\nEs wurden regelm\u00e4ssige Treffen mit der albanischen Community organisiert, um \u00fcber die Entwicklungen in der Heimat zu informieren und die Hilfsaktionen zu koordinieren.\nGleichzeitig baute der Verein enge Beziehungen zu den lokalen Beh\u00f6rden der Gemeinde Uster auf und informierte die Schweizer Institutionen \u00fcber die schwierige Situation im Kosovo und in Mazedonien.<\/span><\/p>\n<div style=\"line-height: 1.5;\">\n<p><span style=\"font-family: Arial; font-size: 16px;\">Dar\u00fcber hinaus organisierte der Verein mit gro\u00dfem Engagement das Nationalfeiertagsfest am 28. November, bei dem sich Albaner aus allen Regionen versammelten, um gemeinsam zu feiern.\nDiese Veranstaltungen waren ein Ausdruck von Identit\u00e4t und nationalem Stolz und trugen dazu bei, die spirituelle Verbindung zur Heimat aufrechtzuerhalten.<\/span><\/p>\n<p><span style=\"font-family: Arial; font-size: 16px;\"><strong>Unser Engagement im \u00f6ffentlichen Leben von Uster<\/strong><\/span><br \/>\n<span style=\"font-family: Arial; font-size: 16px;\">Der Verein \u201eBashkimi\u201c ist seit jeher ein aktiver Teil des \u00f6ffentlichen Lebens in Uster.\nDurch die Teilnahme an gemeinsamen Projekten mit der Stadt und anderen Vereinen tr\u00e4gt er zur F\u00f6rderung einer offenen, multikulturellen und integrativen Gesellschaft bei.<\/span><\/p>\n<p><span style=\"font-family: Arial; font-size: 16px;\">Bei jeder wichtigen st\u00e4dtischen Veranstaltung \u2013 ob Festivals, Messen oder kulturelle Anl\u00e4sse \u2013 war der Verein \u201eBashkimi\u201c stets pr\u00e4sent.\nMit W\u00fcrde und Engagement vertritt er die albanische Gemeinschaft und st\u00e4rkt ihr positives Bild in der Schweiz.<\/span><\/p>\n<p><span style=\"font-family: Arial; font-size: 16px;\"><strong>Die Zeit nach dem Konflikt in den albanischen Gebieten<\/strong><\/span><br \/>\n<span style=\"font-family: Arial; font-size: 16px;\">Nach dem Ende des Kosovo-Krieges und dem Friedensabkommen in Mazedonien richtete der Verein \u201eBashkimi\u201c seine Arbeit neu aus, mit dem Ziel, die albanische Kultur zu bewahren und zu f\u00f6rdern.\nDie Aktivit\u00e4ten konzentrierten sich nun auf Kultur und Bildung: Feste, Buchpr\u00e4sentationen, Kunstdarbietungen, Messen und verschiedene Veranstaltungen, die das kulturelle Erbe an die junge Generation weitergeben.<\/span><\/p>\n<p><span style=\"font-family: Arial; font-size: 16px;\">Eine der wichtigsten Aktivit\u00e4ten in diesem Zusammenhang ist die Buchmesse in Uster, die bereits mehrfach erfolgreich durchgef\u00fchrt wurde.\nSie bringt B\u00fccher in albanischer Sprache n\u00e4her und f\u00f6rdert das Lesen sowie die Verbindung zur eigenen Kultur.<\/span><\/p>\n<p><span style=\"font-family: Arial; font-size: 16px;\"><strong>Grupi i vall\u00ebzimit &#8211; trash\u00ebgimia n\u00eb l\u00ebvizje<\/strong><\/span><br \/>\n<span style=\"font-family: Arial; font-size: 16px;\">Im Jahr 2008 wurde innerhalb des Vereins \u201eBashkimi\u201c die Tanzgruppe gegr\u00fcndet \u2013 als Initiative zur Bewahrung und Weitergabe der traditionellen albanischen T\u00e4nze \u00fcber Generationen hinweg.\nAnfangs bestand die Gruppe aus einigen Kindern der Vereinsmitglieder und wurde von einer f\u00fcr uns sehr gesch\u00e4tzten Pers\u00f6nlichkeit geleitet: Agron Bajrami, dem ersten Choreografen der Gruppe.<\/span><br \/>\n<span style=\"font-family: Arial; font-size: 16px;\">Agron Bajrami war der erste Choreograf, der mit uns arbeitete, und er zeigte niemals Erm\u00fcdung.\nMit Geduld, Engagement und einer besonderen Liebe zur nationalen Kultur brachte er uns die ersten Tanzschritte bei.\nSein Beitrag war von grundlegender Bedeutung f\u00fcr die Bildung der Gruppe und legte das starke Fundament, auf dem sich die weitere Entwicklung aufbauen konnte.<\/span><\/p>\n<p><span style=\"font-family: Arial; font-size: 16px;\">Im Laufe der Jahre haben sich unsere T\u00e4nzerinnen und T\u00e4nzer professionell weiterentwickelt, und viele von ihnen haben die Leitung neuer Gruppen \u00fcbernommen.\nHeute verf\u00fcgt der Verein \u201eBashkimi\u201c \u00fcber acht aktive Tanzgruppen, die Kinder, Jugendliche und Erwachsene umfassen \u2013 von 5 Jahren bis ins Erwachsenenalter.\nDiese Gruppen sind ein lebendiger Beweis f\u00fcr unser Engagement, das albanische Kulturerbe in der Diaspora zu bewahren und zu f\u00f6rdern.<\/span><\/p>\n<p><span style=\"font-family: Arial; font-size: 16px;\">Ein historischer Moment f\u00fcr unsere Tanzgruppe ereignete sich im Jahr 2023, als ein langj\u00e4hriger Traum Wirklichkeit wurde: die Teilnahme am Nationalen Folklorefestival in Gjirokastra.\nAuf der renommiertesten B\u00fchne der albanischen Folklore zu stehen, war f\u00fcr unsere T\u00e4nzerinnen und T\u00e4nzer ein unvergessliches Erlebnis und eine besondere Ehre f\u00fcr den Verein \u201eBashkimi\u201c.\nUnser Auftritt dort war nicht nur ein k\u00fcnstlerischer, sondern auch ein geistiger Ausdruck \u2013 ein kraftvolles Zeugnis daf\u00fcr, dass die albanische Kultur auch in der Diaspora lebt, tanzt und mit Stolz atmet.<\/span><\/p>\n<p><strong><span style=\"font-family: Arial; font-size: 16px;\">Revista \u201cBashkimi\u201d, nj\u00eb dritare kulturore e komunitetit<\/span><\/strong><br \/>\n<span style=\"font-family: Arial; font-size: 16px;\">Im Jahr 2019 machte der Verein \u201eBashkimi\u201c einen bedeutenden Schritt zur Dokumentation und Bekanntmachung seiner T\u00e4tigkeiten \u2013 mit der erstmaligen Ver\u00f6ffentlichung der Vereinszeitschrift \u201eBashkimi\u201c <em>UNION<\/em>. Dieses review stellt eine Plattform f\u00fcr wertvolle information und Kommunikation zwischen den Mitgliedern und den simpatizant\u00ebve des Vereins.<\/span><br \/>\n<span style=\"font-family: Arial; font-size: 16px;\">Anfangs wurde die Zeitschrift dreimal im Jahr ver\u00f6ffentlicht.\nMit der Zeit entschied man sich jedoch, zugunsten von Qualit\u00e4t und inhaltlicher Tiefe, nur noch zwei Ausgaben pro Jahr herauszugeben.\nIn jeder Ausgabe werden die wichtigsten Ereignisse des Vereins pr\u00e4sentiert \u2013 darunter kulturelle Aktivit\u00e4ten, Treffen, Teilnahmen an Festivals, Buchpr\u00e4sentationen und vieles mehr.<\/span><\/p>\n<p><span style=\"font-family: Arial; font-size: 16px;\">Die Zeitschrift \u201eBashkimi\u201c ist auch ein Raum, in dem die Mitglieder Informationen \u00fcber die Tanzgruppen, Traditionen, Geschichte und die albanische Kultur finden \u2013 ebenso Portr\u00e4ts bedeutender Pers\u00f6nlichkeiten unseres Volkes, sowohl aus der Heimat als auch aus der Diaspora.\nSie dient als Spiegel der engagierten Arbeit des Vereins und als Quelle des Stolzes f\u00fcr die gesamte albanische Gemeinschaft in der Schweiz.<\/span><\/p>\n<\/div>\n\n\t\t<\/div>\n\t<\/div>\n<div class=\"cz_gap clr  hide_on_mobile\" style=\"height: 50px\"><\/div><div class=\"cz_gap show_on_mobile clr\" style=\"height: 20px\"><\/div><\/div><\/div><\/div><\/div><div class=\"vc_row wpb_row vc_row-fluid\"><div class=\"wpb_column vc_column_container vc_col-sm-12 vc_col-lg-6 vc_col-md-6\"><div class=\"vc_column-inner\"><div class=\"wpb_wrapper\"><div class=\"cz_eqh cz_content_box_parent_fx\"><div class=\"fx_bob_hover\"><div id=\"cz_3462\" class=\"cz_3462 cz_content_box clr\"><div class=\"cz_box_front clr\"><div class=\"cz_box_front_inner clr\"><span><\/span><div><div class=\"cz_gap clr\" style=\"height: 50px\"><\/div><div id=\"cz_44149\" class=\"cz_44149 cz_title clr cz_title_pos_inline\"><div class=\"cz_title_shape shape_text cz_shape_1\">ORGANOGRAMI<\/div><div class=\"cz_title_content\"><div class=\"cz_wpe_content\"><h3>Organigram des Vereins<\/h3>\n<\/div><\/div><\/div>\n\t<div class=\"wpb_text_column wpb_content_element\" >\n\t\t<div class=\"wpb_wrapper\">\n\t\t\t<p>Der Verwaltungsrat f\u00fchrt der Executive Director implementiert,<br \/>\nDie Teams arbeiten mit einer klaren Mission<\/p>\n\n\t\t<\/div>\n\t<\/div>\n<div class=\"\"><div class=\"cz_88471_p\"><a id=\"cz_88471\" class=\"cz_88471 cz_btn cz_btn_txt_fade cz_btn_blur cz_btn_icon_after cz_mobile_btn_center\" href=\"https:\/\/bashkimi.ch\/de\/ekipi\/\" title=\"Team\" role=\"button\" tabindex=\"0\" aria-label=\"Team\"><span><strong>Lesen Sie mehr<\/strong><i class=\"fa fa-angle-right\"><\/i><\/span><b class=\"cz_btn_onhover\"><strong>Lesen Sie mehr<\/strong><i class=\"fa fa-angle-right\"><\/i><\/b><\/a><\/div><\/div><\/div><\/div><\/div><\/div><\/div><\/div><div class=\"cz_gap clr  hide_on_tablet hide_on_mobile\" style=\"height: 1px\"><\/div><div class=\"cz_gap show_on_tablet clr\" style=\"height: 50px\"><\/div><\/div><\/div><\/div><div class=\"wpb_column vc_column_container vc_col-sm-12 vc_col-lg-6 vc_col-md-6\"><div class=\"vc_column-inner\"><div class=\"wpb_wrapper\"><div class=\"cz_eqh cz_content_box_parent_fx\"><div class=\"fx_bob_hover\"><div id=\"cz_4141\" class=\"cz_4141 cz_content_box clr\"><div class=\"cz_box_front clr\"><div class=\"cz_box_front_inner clr\"><span><\/span><div><div class=\"cz_gap clr\" style=\"height: 50px\"><\/div><div id=\"cz_89974\" class=\"cz_89974 cz_title clr cz_title_pos_inline\"><div class=\"cz_title_shape shape_text cz_shape_1\">STATUS<\/div><div class=\"cz_title_content\"><div class=\"cz_wpe_content\"><h3>Die Vereinsstatuten<\/h3>\n<\/div><\/div><\/div>\n\t<div class=\"wpb_text_column wpb_content_element\" >\n\t\t<div class=\"wpb_wrapper\">\n\t\t\t<p class=\"translation-block\">Das neue Statut wurde an der Generalversammlung vom 04.02.2024 einstimmig von allen Anwesenden angenommen<\/p>\n\n\t\t<\/div>\n\t<\/div>\n<div class=\"\"><div class=\"cz_61518_p\"><a id=\"cz_61518\" class=\"cz_61518 cz_btn cz_btn_txt_fade cz_btn_blur cz_btn_icon_after cz_mobile_btn_center\" href=\"https:\/\/bashkimi.ch\/wp-content\/uploads\/2025\/03\/Statuti-Statuten-AL-DE-Bashkimi-2024-Finale-17.12.2023.pdf\"><span><strong>Lesen Sie mehr<\/strong><i class=\"fa fa-angle-right\"><\/i><\/span><b class=\"cz_btn_onhover\"><strong>Lesen Sie mehr<\/strong><i class=\"fa fa-angle-right\"><\/i><\/b><\/a><\/div><\/div><\/div><\/div><\/div><\/div><\/div><\/div><\/div><\/div><\/div><\/div><div class=\"vc_row wpb_row vc_row-fluid\"><div class=\"wpb_column vc_column_container vc_col-sm-12\"><div class=\"vc_column-inner\"><div class=\"wpb_wrapper\"><div class=\"cz_gap clr\" style=\"height: 30px\"><\/div><div class=\"cz_gap clr\" style=\"height: 30px\"><\/div><\/div><\/div><\/div><\/div><div class=\"vc_row wpb_row vc_row-fluid\"><div class=\"wpb_column vc_column_container vc_col-sm-12\"><div class=\"vc_column-inner\"><div class=\"wpb_wrapper\"><\/div><\/div><\/div><\/div><div class=\"vc_row wpb_row vc_row-fluid\"><div class=\"wpb_column vc_column_container vc_col-sm-12\"><div class=\"vc_column-inner\"><div class=\"wpb_wrapper\"><div class=\"cz_gap clr  hide_on_tablet hide_on_mobile\" style=\"height: 75px\"><\/div><div class=\"cz_gap show_on_tablet clr  show_only_tablet\" style=\"height: 30px\"><\/div><div class=\"cz_gap show_on_mobile clr\" style=\"height: 20px\"><\/div><\/div><\/div><\/div><\/div><div class=\"vc_row wpb_row vc_row-fluid vc_custom_1513763305674\"><div class=\"wpb_column vc_column_container vc_col-sm-12\"><div class=\"vc_column-inner\"><div class=\"wpb_wrapper\"><div id=\"cz_27967\" class=\"cz_27967 slick arrows_mlr no_dots\" data-slick='{\"selector\":\"\",\"slidesToShow\":5,\"slidesToScroll\":1,\"rows\":1,\"fade\":false,\"vertical\":false,\"verticalSwiping\":false,\"infinite\":true,\"speed\":1000,\"swipeToSlide\":true,\"centerMode\":false,\"centerPadding\":\"\",\"variableWidth\":false,\"autoplay\":false,\"autoplaySpeed\":4000,\"dots\":true,\"counts\":false,\"responsive\":[{\"breakpoint\":769,\"settings\":{\"slidesToShow\":2,\"slidesToScroll\":1,\"infinite\":true,\"touchMove\":true}},{\"breakpoint\":481,\"settings\":{\"slidesToShow\":1,\"slidesToScroll\":1,\"infinite\":true,\"touchMove\":true}}]}' data-slick-prev=\"fa fa-chevron-left\" data-slick-next=\"fa fa-chevron-right\"><div id=\"cz_21650\" data-position=\"top-right\" class=\"cz_21650 cz_image clr cz_image_flip_h center_on_mobile\"><div class=\"\" ><div class=\"cz_image_in\"><div class=\"cz_main_image\"><img fetchpriority=\"high\" loading=\"eager\" decoding=\"sync\" data-no-lazy=\"1\" width=\"1988\" height=\"1327\" src=\"https:\/\/bashkimi.ch\/wp-content\/uploads\/2025\/02\/stella.jpg\" class=\"attachment-full\" alt=\"Stella\" title=\"stella\" srcset=\"https:\/\/bashkimi.ch\/wp-content\/uploads\/2025\/02\/stella.jpg 1988w, https:\/\/bashkimi.ch\/wp-content\/uploads\/2025\/02\/stella-300x200.jpg 300w, https:\/\/bashkimi.ch\/wp-content\/uploads\/2025\/02\/stella-1024x684.jpg 1024w, https:\/\/bashkimi.ch\/wp-content\/uploads\/2025\/02\/stella-768x513.jpg 768w, https:\/\/bashkimi.ch\/wp-content\/uploads\/2025\/02\/stella-1536x1025.jpg 1536w, https:\/\/bashkimi.ch\/wp-content\/uploads\/2025\/02\/stella-600x401.jpg 600w, https:\/\/bashkimi.ch\/wp-content\/uploads\/2025\/02\/stella-1000x668.jpg 1000w\" sizes=\"(max-width: 1988px) 100vw, 1988px\"  \/><\/div><\/div><\/div><\/div><div id=\"cz_56885\" data-position=\"top-right\" class=\"cz_56885 cz_image clr cz_image_flip_h center_on_mobile\"><div class=\"\" ><div class=\"cz_image_in\"><div class=\"cz_main_image\"><img decoding=\"async\" width=\"1280\" height=\"720\" src=\"https:\/\/bashkimi.ch\/wp-content\/uploads\/2025\/02\/rio.png\" class=\"attachment-full\" alt=\"Rio\" title=\"rio\" srcset=\"https:\/\/bashkimi.ch\/wp-content\/uploads\/2025\/02\/rio.png 1280w, https:\/\/bashkimi.ch\/wp-content\/uploads\/2025\/02\/rio-300x169.png 300w, https:\/\/bashkimi.ch\/wp-content\/uploads\/2025\/02\/rio-1024x576.png 1024w, https:\/\/bashkimi.ch\/wp-content\/uploads\/2025\/02\/rio-768x432.png 768w, https:\/\/bashkimi.ch\/wp-content\/uploads\/2025\/02\/rio-600x338.png 600w, https:\/\/bashkimi.ch\/wp-content\/uploads\/2025\/02\/rio-1000x563.png 1000w\" sizes=\"auto, (max-width: 1280px) 100vw, 1280px\" loading=\"lazy\" \/><\/div><\/div><\/div><\/div><div id=\"cz_34559\" data-position=\"top-right\" class=\"cz_34559 cz_image clr cz_image_flip_h center_on_mobile\"><div class=\"\" ><div class=\"cz_image_in\"><div class=\"cz_main_image\"><img decoding=\"async\" width=\"1735\" height=\"1102\" src=\"https:\/\/bashkimi.ch\/wp-content\/uploads\/2025\/02\/augoegi.jpg\" class=\"attachment-full\" alt=\"Augoegi\" title=\"augoegi\" srcset=\"https:\/\/bashkimi.ch\/wp-content\/uploads\/2025\/02\/augoegi.jpg 1735w, https:\/\/bashkimi.ch\/wp-content\/uploads\/2025\/02\/augoegi-300x191.jpg 300w, https:\/\/bashkimi.ch\/wp-content\/uploads\/2025\/02\/augoegi-1024x650.jpg 1024w, https:\/\/bashkimi.ch\/wp-content\/uploads\/2025\/02\/augoegi-768x488.jpg 768w, https:\/\/bashkimi.ch\/wp-content\/uploads\/2025\/02\/augoegi-1536x976.jpg 1536w, https:\/\/bashkimi.ch\/wp-content\/uploads\/2025\/02\/augoegi-600x381.jpg 600w, https:\/\/bashkimi.ch\/wp-content\/uploads\/2025\/02\/augoegi-1000x635.jpg 1000w\" sizes=\"auto, (max-width: 1735px) 100vw, 1735px\" loading=\"lazy\" \/><\/div><\/div><\/div><\/div><div id=\"cz_63681\" data-position=\"top-right\" class=\"cz_63681 cz_image clr cz_image_flip_h center_on_mobile\"><div class=\"\" ><div class=\"cz_image_in\"><div class=\"cz_main_image\"><img decoding=\"async\" width=\"400\" height=\"266\" src=\"https:\/\/bashkimi.ch\/wp-content\/uploads\/2025\/02\/picture-400.jpg\" class=\"attachment-full\" alt=\"Picture 400\" title=\"Bild-400\" srcset=\"https:\/\/bashkimi.ch\/wp-content\/uploads\/2025\/02\/picture-400.jpg 400w, https:\/\/bashkimi.ch\/wp-content\/uploads\/2025\/02\/picture-400-300x200.jpg 300w\" sizes=\"auto, (max-width: 400px) 100vw, 400px\" loading=\"lazy\" \/><\/div><\/div><\/div><\/div><div id=\"cz_78566\" data-position=\"top-right\" class=\"cz_78566 cz_image clr cz_image_flip_h center_on_mobile\"><div class=\"\" ><div class=\"cz_image_in\"><div class=\"cz_main_image\"><img decoding=\"async\" width=\"1252\" height=\"834\" src=\"https:\/\/bashkimi.ch\/wp-content\/uploads\/2025\/02\/autohell.jpg\" class=\"attachment-full\" alt=\"Autohell\" title=\"autohell\" srcset=\"https:\/\/bashkimi.ch\/wp-content\/uploads\/2025\/02\/autohell.jpg 1252w, https:\/\/bashkimi.ch\/wp-content\/uploads\/2025\/02\/autohell-300x200.jpg 300w, https:\/\/bashkimi.ch\/wp-content\/uploads\/2025\/02\/autohell-1024x682.jpg 1024w, https:\/\/bashkimi.ch\/wp-content\/uploads\/2025\/02\/autohell-768x512.jpg 768w, https:\/\/bashkimi.ch\/wp-content\/uploads\/2025\/02\/autohell-600x400.jpg 600w, https:\/\/bashkimi.ch\/wp-content\/uploads\/2025\/02\/autohell-1000x666.jpg 1000w\" sizes=\"auto, (max-width: 1252px) 100vw, 1252px\" loading=\"lazy\" \/><\/div><\/div><\/div><\/div><div id=\"cz_21650\" data-position=\"top-right\" class=\"cz_21650 cz_image clr cz_image_flip_h center_on_mobile\"><div class=\"\" ><div class=\"cz_image_in\"><div class=\"cz_main_image\"><img decoding=\"async\" width=\"1988\" height=\"1327\" src=\"https:\/\/bashkimi.ch\/wp-content\/uploads\/2025\/02\/stella.jpg\" class=\"attachment-full\" alt=\"Stella\" title=\"stella\" srcset=\"https:\/\/bashkimi.ch\/wp-content\/uploads\/2025\/02\/stella.jpg 1988w, https:\/\/bashkimi.ch\/wp-content\/uploads\/2025\/02\/stella-300x200.jpg 300w, https:\/\/bashkimi.ch\/wp-content\/uploads\/2025\/02\/stella-1024x684.jpg 1024w, https:\/\/bashkimi.ch\/wp-content\/uploads\/2025\/02\/stella-768x513.jpg 768w, https:\/\/bashkimi.ch\/wp-content\/uploads\/2025\/02\/stella-1536x1025.jpg 1536w, https:\/\/bashkimi.ch\/wp-content\/uploads\/2025\/02\/stella-600x401.jpg 600w, https:\/\/bashkimi.ch\/wp-content\/uploads\/2025\/02\/stella-1000x668.jpg 1000w\" sizes=\"auto, (max-width: 1988px) 100vw, 1988px\" loading=\"lazy\" \/><\/div><\/div><\/div><\/div><\/div><div><\/div><\/div><\/div><\/div><\/div><div class=\"vc_row wpb_row vc_row-fluid\"><div class=\"wpb_column vc_column_container vc_col-sm-12\"><div class=\"vc_column-inner\"><div class=\"wpb_wrapper\">\n\t<div class=\"wpb_text_column wpb_content_element\" >\n\t\t<div class=\"wpb_wrapper\">\n\t\t\t\n\t\t<\/div>\n\t<\/div>\n<\/div><\/div><\/div><\/div>\n<\/div>","protected":false},"excerpt":{"rendered":"Shoqata kulturore Bashkimi me ju q\u00eb nga viti 1993 _ Themelimi dhe misioni fillestar Shoqata \u201cBashkimi\u201d u themelua n\u00eb vitin","protected":false},"author":1,"featured_media":0,"parent":0,"menu_order":0,"comment_status":"closed","ping_status":"closed","template":"","meta":{"footnotes":""},"class_list":["post-1780","page","type-page","status-publish","hentry"],"_links":{"self":[{"href":"https:\/\/bashkimi.ch\/de\/wp-json\/wp\/v2\/pages\/1780","targetHints":{"allow":["GET"]}}],"collection":[{"href":"https:\/\/bashkimi.ch\/de\/wp-json\/wp\/v2\/pages"}],"about":[{"href":"https:\/\/bashkimi.ch\/de\/wp-json\/wp\/v2\/types\/page"}],"author":[{"embeddable":true,"href":"https:\/\/bashkimi.ch\/de\/wp-json\/wp\/v2\/users\/1"}],"replies":[{"embeddable":true,"href":"https:\/\/bashkimi.ch\/de\/wp-json\/wp\/v2\/comments?post=1780"}],"version-history":[{"count":42,"href":"https:\/\/bashkimi.ch\/de\/wp-json\/wp\/v2\/pages\/1780\/revisions"}],"predecessor-version":[{"id":3531,"href":"https:\/\/bashkimi.ch\/de\/wp-json\/wp\/v2\/pages\/1780\/revisions\/3531"}],"wp:attachment":[{"href":"https:\/\/bashkimi.ch\/de\/wp-json\/wp\/v2\/media?parent=1780"}],"curies":[{"name":"wp","href":"https:\/\/api.w.org\/{rel}","templated":true}]}}