{"id":1853,"date":"2025-03-26T14:47:03","date_gmt":"2025-03-26T14:47:03","guid":{"rendered":"https:\/\/bashkimi.ch\/?page_id=1853"},"modified":"2025-03-26T14:47:03","modified_gmt":"2025-03-26T14:47:03","slug":"terminet-vjetore","status":"publish","type":"page","link":"https:\/\/bashkimi.ch\/de\/terminet-vjetore\/","title":{"rendered":"Terminet, die j\u00e4hrliche"},"content":{"rendered":"<div class=\"wpb-content-wrapper\"><div class=\"vc_row wpb_row vc_row-fluid\"><div class=\"wpb_column vc_column_container vc_col-sm-12\"><div class=\"vc_column-inner\"><div class=\"wpb_wrapper\"><div id=\"cz_75681\" class=\"cz_75681 cz_title clr cz_title_pos_inline\"><div class=\"cz_title_content\"><div class=\"cz_wpe_content\"><p>T\u00eb dashur dashamir\u00ebs t\u00eb vall\u00ebzimit, ne jemi t\u00eb k\u00ebnaqur q\u00eb ju t\u00eb prezantojm\u00eb kalendarin ton\u00eb vjetor t\u00eb ushtrimeve t\u00eb vall\u00ebzimit. Pavar\u00ebsisht n\u00ebse jeni fillestar\u00eb apo d\u00ebshironi t\u00eb p\u00ebrmir\u00ebsoni aft\u00ebsit\u00eb tuaja t\u00eb vall\u00ebzimit &#8211; ne ofrojm\u00eb kurse p\u00ebr t\u00eb gjitha nivelet, t\u00eb cilat drejtohen nga m\u00ebsues t\u00eb vall\u00ebzimit me p\u00ebrvoj\u00eb dhe t\u00eb pasionuar.<\/p>\n<p><strong>Kalendarin ton\u00eb vjetor e bazojm\u00eb n\u00eb pushimet shkollore n\u00eb Uster<\/strong><\/p>\n<p>Regjistrimi dhe Terminet:<br \/>\nRegjistrimi p\u00ebr kurset tona \u00ebsht\u00eb i mundur gjat\u00eb gjith\u00eb vitit, ku termin\u00ebt caktohen n\u00eb fillim t\u00eb \u00e7do stin\u00eb. Ju lutemi vizitoni faqen ton\u00eb t\u00eb regjistrimit p\u00ebr t\u00eb u shkruar n\u00eb kurse ose p\u00ebr t\u00eb m\u00ebsuar m\u00eb shum\u00eb rreth m\u00ebsimeve t\u00eb ve\u00e7anta dhe termin\u00ebve.<br \/>\nJu mir\u00ebpresim n\u00eb nj\u00ebrin nga kurset tona dhe t\u00eb zbulojm\u00eb s\u00eb bashku bot\u00ebn e vall\u00ebzimit!<br \/>\nP\u00ebr \u00e7do pyetje jemi n\u00eb dispozicionin tuaj p\u00ebrmes e-mailit ose telefonit.<\/p>\n<p>Vall\u00ebzoni me ne gjat\u00eb gjith\u00eb vitit!<\/p>\n<p>E juaja<br \/>\nShoqata Kulturore Shqiptare Bashkimi &#8211; Uster<\/p>\n<\/div><\/div><\/div><\/div><\/div><\/div><\/div><div class=\"vc_row wpb_row vc_row-fluid\"><div class=\"wpb_column vc_column_container vc_col-sm-12\"><div class=\"vc_column-inner\"><div class=\"wpb_wrapper\"><div id=\"cz_57944\" data-position=\"top-right\" class=\"cz_57944 cz_image clr cz_image_no_fx center_on_mobile\"><div class=\"\" ><div class=\"cz_image_in\"><div class=\"cz_main_image\"><img fetchpriority=\"high\" loading=\"eager\" decoding=\"sync\" data-no-lazy=\"1\" width=\"1070\" height=\"1078\" src=\"https:\/\/bashkimi.ch\/wp-content\/uploads\/2025\/03\/tanzkalender-2024.png\" class=\"attachment-full\" alt=\"Tanzkalender 2024\" title=\"tanzkalender-2024\" srcset=\"https:\/\/bashkimi.ch\/wp-content\/uploads\/2025\/03\/tanzkalender-2024.png 1070w, https:\/\/bashkimi.ch\/wp-content\/uploads\/2025\/03\/tanzkalender-2024-298x300.png 298w, https:\/\/bashkimi.ch\/wp-content\/uploads\/2025\/03\/tanzkalender-2024-1016x1024.png 1016w, https:\/\/bashkimi.ch\/wp-content\/uploads\/2025\/03\/tanzkalender-2024-150x150.png 150w, https:\/\/bashkimi.ch\/wp-content\/uploads\/2025\/03\/tanzkalender-2024-768x774.png 768w, https:\/\/bashkimi.ch\/wp-content\/uploads\/2025\/03\/tanzkalender-2024-600x604.png 600w\" sizes=\"(max-width: 1070px) 100vw, 1070px\"  \/><\/div><div class=\"cz_hover_image\"><\/div><\/div><\/div><\/div><\/div><\/div><\/div><\/div>\n<\/div>","protected":false},"excerpt":{"rendered":"T\u00eb dashur dashamir\u00ebs t\u00eb vall\u00ebzimit, ne jemi t\u00eb k\u00ebnaqur q\u00eb ju t\u00eb prezantojm\u00eb kalendarin ton\u00eb vjetor t\u00eb ushtrimeve t\u00eb vall\u00ebzimit.","protected":false},"author":1,"featured_media":0,"parent":0,"menu_order":0,"comment_status":"closed","ping_status":"closed","template":"","meta":{"footnotes":""},"class_list":["post-1853","page","type-page","status-publish","hentry"],"_links":{"self":[{"href":"https:\/\/bashkimi.ch\/de\/wp-json\/wp\/v2\/pages\/1853","targetHints":{"allow":["GET"]}}],"collection":[{"href":"https:\/\/bashkimi.ch\/de\/wp-json\/wp\/v2\/pages"}],"about":[{"href":"https:\/\/bashkimi.ch\/de\/wp-json\/wp\/v2\/types\/page"}],"author":[{"embeddable":true,"href":"https:\/\/bashkimi.ch\/de\/wp-json\/wp\/v2\/users\/1"}],"replies":[{"embeddable":true,"href":"https:\/\/bashkimi.ch\/de\/wp-json\/wp\/v2\/comments?post=1853"}],"version-history":[{"count":1,"href":"https:\/\/bashkimi.ch\/de\/wp-json\/wp\/v2\/pages\/1853\/revisions"}],"predecessor-version":[{"id":1855,"href":"https:\/\/bashkimi.ch\/de\/wp-json\/wp\/v2\/pages\/1853\/revisions\/1855"}],"wp:attachment":[{"href":"https:\/\/bashkimi.ch\/de\/wp-json\/wp\/v2\/media?parent=1853"}],"curies":[{"name":"wp","href":"https:\/\/api.w.org\/{rel}","templated":true}]}}