{"id":19,"date":"2017-06-10T08:34:22","date_gmt":"2017-06-10T08:34:22","guid":{"rendered":"http:\/\/xtratheme.comgym\/?page_id=13"},"modified":"2025-11-26T13:04:29","modified_gmt":"2025-11-26T13:04:29","slug":"contact","status":"publish","type":"page","link":"https:\/\/bashkimi.ch\/de\/contact\/","title":{"rendered":"Kontakt"},"content":{"rendered":"<div class=\"wpb-content-wrapper\"><div class=\"vc_row wpb_row vc_row-fluid\"><div class=\"wpb_column vc_column_container vc_col-sm-4\"><div class=\"vc_column-inner\"><div class=\"wpb_wrapper\"><div class=\"clr\"><ul id=\"cz_82592\" class=\"cz_82592 cz_stylish_list clr cz_sl_icon_hover_none\"><li class=\"clr\"><div class=\"cz_sl_icon\"><i class=\"fas fa-phone-flip mr10\"><\/i><\/div><div><span>+41 79 617 85 38<small>Ihr Telefon<\/small><\/span><\/div><\/li><\/ul><\/div><\/div><\/div><\/div><div class=\"wpb_column vc_column_container vc_col-sm-4\"><div class=\"vc_column-inner\"><div class=\"wpb_wrapper\"><div class=\"clr\"><ul id=\"cz_45876\" class=\"cz_45876 cz_stylish_list clr cz_sl_icon_hover_none\"><li class=\"clr\"><div class=\"cz_sl_icon\"><i class=\"fas fa-envelope mr10\"><\/i><\/div><div><span>info@bashkimi.ch<small>Email Adresa<\/small><\/span><\/div><\/li><\/ul><\/div><\/div><\/div><\/div><div class=\"wpb_column vc_column_container vc_col-sm-4\"><div class=\"vc_column-inner\"><div class=\"wpb_wrapper\"><div class=\"clr\"><ul id=\"cz_105294\" class=\"cz_105294 cz_stylish_list clr cz_sl_icon_hover_none\"><li class=\"clr\"><div class=\"cz_sl_icon\"><i class=\"fa czico-082-maps-and-flags mr10\"><\/i><\/div><div><span>Berchtoldstrasse 10, 8610 Uster<small>Adresse<\/small><\/span><\/div><\/li><\/ul><\/div><\/div><\/div><\/div><\/div><div class=\"vc_row wpb_row vc_row-fluid\"><div class=\"wpb_column vc_column_container vc_col-sm-12\"><div class=\"vc_column-inner\"><div class=\"wpb_wrapper\"><div class=\"cz_gap clr  hide_on_mobile\" style=\"height: 50px\"><\/div><div class=\"cz_gap show_on_mobile clr\" style=\"height: 30px\"><\/div><\/div><\/div><\/div><\/div><div class=\"vc_row wpb_row vc_row-fluid\"><div class=\"wpb_column vc_column_container vc_col-sm-2\"><div class=\"vc_column-inner\"><div class=\"wpb_wrapper\"><\/div><\/div><\/div><div class=\"wpb_column vc_column_container vc_col-sm-8\"><div class=\"vc_column-inner\"><div class=\"wpb_wrapper\">\n\t<div class=\"wpb_text_column wpb_content_element\" >\n\t\t<div class=\"wpb_wrapper\">\n\t\t\t<style type=\"text\/css\">#ipt_fsqm_form_wrap_7 .ipt_fsqm_form_logo img,\n\t#ipt_fsqm_form_wrap_7 .ipt-eform-width-restrain,\n\t#ipt_fsqm_form_wrap_7 .ipt_fsqm_form_message_restore,\n\t#ipt_fsqm_form_wrap_7 .ipt_fsqm_form_message_success,\n\t#ipt_fsqm_form_wrap_7 .ipt_fsqm_form_message_error,\n\t#ipt_fsqm_form_wrap_7 .ipt_fsqm_form_message_process,\n\t#ipt_fsqm_form_wrap_7 .ipt_fsqm_form_validation_error,\n\t#ipt_fsqm_form_wrap_7 .eform-ui-estimator {\n\t\tmax-width: 800px;\n\t\tmin-width: 240px;\n\t}\n\n\t\/**\/<\/style><div\nid=\"ipt_fsqm_form_wrap_7\"\nclass=\"ipt_uif_front ipt_uif_common ipt_fsqm_form type_2 ui-front eform-ltr eform-override-element-boxy eform-override-alignment-inherit\"\ndata-fsqmsayt=\"{&quot;auto_save&quot;:false,&quot;show_restore&quot;:true,&quot;restore&quot;:false,&quot;admin_override&quot;:false,&quot;user_update&quot;:false,&quot;interval_save&quot;:false,&quot;interval&quot;:&quot;30&quot;}\"\ndata-ui-type=\"2\"\ndata-ui-theme=\"[&quot;https:\\\/\\\/bashkimi.ch\\\/wp-content\\\/plugins\\\/wp-fsqm-pro\\\/static\\\/front\\\/css\\\/material-themes\\\/dark-themes\\\/red.css?ver=4.19.1&quot;]\"\ndata-ui-theme-id=\"material-d-red\"\ndata-eformanim=\"1\"\ndata-fsqmga=\"{&quot;enabled&quot;:false,&quot;manual_load&quot;:false,&quot;tracking_id&quot;:&quot;&quot;,&quot;cookie&quot;:&quot;auto&quot;,&quot;user_update&quot;:false,&quot;name&quot;:&quot;Kontakti i p\\u00ebrgjithsh\\u00ebm&quot;,&quot;form_id&quot;:&quot;7&quot;}\"\ndata-fsqmreset=\"{&quot;reset&quot;:false,&quot;delay&quot;:10}\"\ndata-eformreg=\"{&quot;enabled&quot;:false,&quot;username_id&quot;:&quot;ipt_fsqm_form_7_pinfo_&quot;,&quot;password_id&quot;:&quot;ipt_fsqm_form_7_pinfo_&quot;,&quot;hide_pinfo&quot;:false,&quot;hide_meta&quot;:false,&quot;meta&quot;:[]}\"\ndata-eformscroll=\"{&quot;progress&quot;:true,&quot;message&quot;:true,&quot;offset&quot;:&quot;0&quot;,&quot;scrollOnError&quot;:true}\"\ndata-eform-cookie=\"0\"\ndata-subscription-form=\"false\"\ndata-instant-subscription=\"{&quot;doable&quot;:true,&quot;config&quot;:{&quot;enabled&quot;:false,&quot;min_tab&quot;:&quot;&quot;,&quot;debounce&quot;:&quot;3000&quot;},&quot;nonce&quot;:&quot;5276e0998b&quot;}\"\n>\n<noscript><div\nclass=\"ipt_fsqm_form_message_noscript ui-widget ui-widget-content ui-corner-all\"><div\nclass=\"ui-helper-reset ui-helper-clearfix ui-widget-header ui-corner-all\"><div>Javascript is disabled<\/div><\/div><div\nclass=\"ui-widget-content ui-corner-bottom\"><p>Javascript is disabled on your browser. Please enable it in order to use this form.<\/p><\/div><\/div>\n<\/noscript><style type=\"text\/css\">.ipt_uif_ajax_loader,\n\t\t\t.ipt_uif_ajax_loader *,\n\t\t\tipt_uif_ajax_loader *::before,\n\t\t\tipt_uif_ajax_loader *::after {\n\t\t\t\tbox-sizing: border-box;\n\t\t\t}<\/style><div\nclass=\"ipt_uif_init_loader ipt-eform-preloader-inline ipt_uif_ajax_loader\"><div\nclass=\"ipt-eform-preloader-inner\"><div\nclass=\"ipt-eform-preloader-circle\"><div\nclass=\"preloader-wrapper active\"><div\nclass=\"spinner-layer spinner-blue\"><div\nclass=\"circle-clipper left\"><div\nclass=\"circle\"><\/div><\/div><div\nclass=\"gap-patch\"><div\nclass=\"circle\"><\/div><\/div><div\nclass=\"circle-clipper right\"><div\nclass=\"circle\"><\/div><\/div><\/div><div\nclass=\"spinner-layer spinner-red\"><div\nclass=\"circle-clipper left\"><div\nclass=\"circle\"><\/div><\/div><div\nclass=\"gap-patch\"><div\nclass=\"circle\"><\/div><\/div><div\nclass=\"circle-clipper right\"><div\nclass=\"circle\"><\/div><\/div><\/div><div\nclass=\"spinner-layer spinner-yellow\"><div\nclass=\"circle-clipper left\"><div\nclass=\"circle\"><\/div><\/div><div\nclass=\"gap-patch\"><div\nclass=\"circle\"><\/div><\/div><div\nclass=\"circle-clipper right\"><div\nclass=\"circle\"><\/div><\/div><\/div><div\nclass=\"spinner-layer spinner-green\"><div\nclass=\"circle-clipper left\"><div\nclass=\"circle\"><\/div><\/div><div\nclass=\"gap-patch\"><div\nclass=\"circle\"><\/div><\/div><div\nclass=\"circle-clipper right\"><div\nclass=\"circle\"><\/div><\/div><\/div><\/div><\/div><div\nclass=\"ipt-eform-preloader-text\"><div\nclass=\"ipt-eform-preloader-text-inner ipt_uif_ajax_loader_text\">Loading<\/div><\/div><div\nclass=\"clear\"><\/div><\/div><\/div>\n<input\ntype=\"hidden\" data-sayt-exclude class=\"ipt_uif_conditional_logic\" id=\"ipt_uif_conditional_logic_7\" value=\"{&quot;logics&quot;:[],&quot;indexes&quot;:[],&quot;base&quot;:&quot;7&quot;}\" \/>\n<input\ntype=\"hidden\" data-sayt-exclude class=\"ipt_fsqm_timer_data\" id=\"ipt_fsqm_timer_data_7\" value=\"{&quot;type&quot;:&quot;none&quot;}\" \/>\n<input\ntype=\"hidden\" data-sayt-exclude class=\"ipt_fsqm_epoc_data\" id=\"ipt_fsqm_epoc_data_7\" value=\"{&quot;CURRENTYEAR&quot;:2026,&quot;CURRENTDATE&quot;:1776780430000,&quot;CURRENTDAY&quot;:21,&quot;CURRENTMONTH&quot;:4,&quot;CURRENTHOUR&quot;:14,&quot;CURRENTMINUTE&quot;:7,&quot;CURRENTSECOND&quot;:10,&quot;CURRENTWEEK&quot;:17,&quot;CURRENTEPOC&quot;:20564}\" \/><div\nstyle=\"display: none;\" class=\"ipt_uif_hidden_init\"><form\nmethod=\"post\" action=\"\" class=\"ipt_uif_validate_form ipt_fsqm_main_form\" id=\"ipt_fsqm_form_7\" autocomplete=\"on\" data-trp-original-action=\"\">\n<input\ntype=\"hidden\" data-sayt-exclude name=\"action\" id=\"action\" value=\"ipt_fsqm_save_form\" \/>\n<input\ntype=\"hidden\" data-sayt-exclude name=\"ipt_fsqm_epoc\" class=\"eform-epoc-value\" value=\"1776780430\" \/>\n<input\ntype=\"hidden\" class=\"ipt_fsqm_form_tab_pos\" name=\"fsqm_form7_tab_pos\" value=\"0\" id=\"fsqm_form7_tab_pos\" \/>\n<input\ntype=\"hidden\" id=\"ipt_fsqm_form_data_save\" name=\"ipt_fsqm_form_data_save\" value=\"e722b5097a\" data-sayt-exclude \/>\t\t\t<input\ntype=\"hidden\" name=\"_wp_http_referer\" value=\"\/de\/wp-json\/wp\/v2\/pages\/19\" \/>\n<input\ntype=\"hidden\" data-sayt-exclude name=\"form_id\" value=\"7\" \/><div\nclass=\"ipt-eform-width-restrain\"><div\nclass=\"ipt-eform-content\"><div\nclass=\"ipt_fsqm_main_pb eform-mainpb-top ipt_uif_progress_bar\" data-start=\"0\" data-decimals=\"2\" id=\"ipt_fsqm_form_7_progressbar\"><div\nclass=\"ipt_uif_progress_value\"><span\nclass=\"eform-progress-value-span\"><\/span><\/div><\/div><div\ndata-settings=\"{&quot;can_previous&quot;:true,&quot;show_progress_bar&quot;:true,&quot;progress_bar_bottom&quot;:false,&quot;block_previous&quot;:false,&quot;any_tab&quot;:false,&quot;type&quot;:&quot;2&quot;,&quot;scroll&quot;:true,&quot;decimal_point&quot;:2,&quot;auto_progress&quot;:false,&quot;auto_progress_delay&quot;:&quot;1500&quot;,&quot;auto_submit&quot;:false,&quot;hidden_buttons&quot;:false,&quot;scroll_on_error&quot;:true}\" class=\"ipt_fsqm_main_tab ipt_uif_tabs horizontal\"><div\nclass=\"ipt-eform-tab-nav-wrap\"><ul><li\nid=\"ipt_fsqm_form_7_tab_0_control_li\"><a\nclass=\"eform-ripple\" href=\"#ipt_fsqm_form_7_tab_0\"><span\nclass=\"eform-tab-labels\"> <\/span><\/a><\/li><\/ul>\n<i\nclass=\"eform-tab-nav eform-tab-nav-right ipt-icomoon-angle-right disabled eform-ripple\"><\/i>\n<i\nclass=\"eform-tab-nav eform-tab-nav-left ipt-icomoon-angle-left disabled eform-ripple\"><\/i>\n<span\nclass=\"eform-tab-passive-notifier\"><\/span>\n<span\nclass=\"eform-tab-active-notifier\"><\/span><\/div><div\nid=\"ipt_fsqm_form_7_tab_0\" class=\"ipt_fsqm_form_tab_panel\"><div\nid=\"ipt_fsqm_form_7_layout_0_inner\" class=\"ipt-eform-layout-wrapper\"><div\nclass=\"ipt_uif_column ipt_uif_column_full ipt_uif_conditional ipt_fsqm_main_heading_column\"><div\nclass=\"ipt_uif_column_inner\"><div\nclass=\"clear-both\"><\/div><\/div><\/div>\n<input\ntype=\"hidden\" data-sayt-exclude name=\"ipt_fsqm_form_7[pinfo][0][m_type]\" id=\"ipt_fsqm_form_7_pinfo_0_m_type\" value=\"pinfo\" class=\"ipt_fsqm_hf_m_type\" \/>\n<input\ntype=\"hidden\" data-sayt-exclude name=\"ipt_fsqm_form_7[pinfo][0][type]\" id=\"ipt_fsqm_form_7_pinfo_0_type\" value=\"f_name\" class=\"ipt_fsqm_hf_type\" \/><div\nclass=\"ipt_uif_column ipt_uif_column_full ipt_uif_conditional ipt_fsqm_container_f_name\" id=\"ipt_fsqm_form_7_pinfo_0\"><div\nclass=\"ipt_uif_column_inner side_margin\"><div\nclass=\"ipt_uif_question ipt_uif_question_vertical ipt_uif_question_full\"><div\nclass=\"ipt_uif_question_content\"><div\nclass=\"input-field has-icon\">\n<input\nclass=\"check_me validate[required,custom[personName]] ipt_uif_text\"\ntype=\"text\"\nname=\"ipt_fsqm_form_7[pinfo][0][value]\"\nid=\"ipt_fsqm_form_7_pinfo_0_value\"\nmaxlength=\"\"\t\tvalue=\"\" \/>\n<i\ntitle=\"\" class=\"ipticm prefix\" data-ipt-icomoon=\"&#xf007;\"><\/i>\n<label\nfor=\"ipt_fsqm_form_7_pinfo_0_value\">Vorname<\/label><\/div><div\nclass=\"clear-both\"><\/div><\/div><\/div><div\nclass=\"clear-both\"><\/div><\/div><\/div>\n<input\ntype=\"hidden\" data-sayt-exclude name=\"ipt_fsqm_form_7[pinfo][1][m_type]\" id=\"ipt_fsqm_form_7_pinfo_1_m_type\" value=\"pinfo\" class=\"ipt_fsqm_hf_m_type\" \/>\n<input\ntype=\"hidden\" data-sayt-exclude name=\"ipt_fsqm_form_7[pinfo][1][type]\" id=\"ipt_fsqm_form_7_pinfo_1_type\" value=\"l_name\" class=\"ipt_fsqm_hf_type\" \/><div\nclass=\"ipt_uif_column ipt_uif_column_full ipt_uif_conditional ipt_fsqm_container_l_name\" id=\"ipt_fsqm_form_7_pinfo_1\"><div\nclass=\"ipt_uif_column_inner side_margin\"><div\nclass=\"ipt_uif_question ipt_uif_question_vertical ipt_uif_question_full\"><div\nclass=\"ipt_uif_question_content\"><div\nclass=\"input-field has-icon\">\n<input\nclass=\"check_me validate[required,custom[personName]] ipt_uif_text\"\ntype=\"text\"\nname=\"ipt_fsqm_form_7[pinfo][1][value]\"\nid=\"ipt_fsqm_form_7_pinfo_1_value\"\nmaxlength=\"\"\t\tvalue=\"\" \/>\n<i\ntitle=\"\" class=\"ipticm prefix\" data-ipt-icomoon=\"&#xf007;\"><\/i>\n<label\nfor=\"ipt_fsqm_form_7_pinfo_1_value\">Name<\/label><\/div><div\nclass=\"clear-both\"><\/div><\/div><\/div><div\nclass=\"clear-both\"><\/div><\/div><\/div>\n<input\ntype=\"hidden\" data-sayt-exclude name=\"ipt_fsqm_form_7[pinfo][4][m_type]\" id=\"ipt_fsqm_form_7_pinfo_4_m_type\" value=\"pinfo\" class=\"ipt_fsqm_hf_m_type\" \/>\n<input\ntype=\"hidden\" data-sayt-exclude name=\"ipt_fsqm_form_7[pinfo][4][type]\" id=\"ipt_fsqm_form_7_pinfo_4_type\" value=\"email\" class=\"ipt_fsqm_hf_type\" \/><div\nclass=\"ipt_uif_column ipt_uif_column_full ipt_uif_conditional ipt_fsqm_container_email\" id=\"ipt_fsqm_form_7_pinfo_4\"><div\nclass=\"ipt_uif_column_inner side_margin\"><div\nclass=\"ipt_uif_question ipt_uif_question_vertical ipt_uif_question_full\"><div\nclass=\"ipt_uif_question_content\"><div\nclass=\"input-field has-icon\">\n<input\nclass=\"check_me validate[required,custom[email]] ipt_uif_text\"\ntype=\"email\"\nname=\"ipt_fsqm_form_7[pinfo][4][value]\"\nid=\"ipt_fsqm_form_7_pinfo_4_value\"\nvalue=\"\" \/>\n<i\ntitle=\"\" class=\"ipticm prefix\" data-ipt-icomoon=\"&#xf0e0;\"><\/i>\n<label\nfor=\"ipt_fsqm_form_7_pinfo_4_value\">E-Mail<\/label><\/div><div\nclass=\"clear-both\"><\/div><\/div><\/div><div\nclass=\"clear-both\"><\/div><\/div><\/div>\n<input\ntype=\"hidden\" data-sayt-exclude name=\"ipt_fsqm_form_7[pinfo][5][m_type]\" id=\"ipt_fsqm_form_7_pinfo_5_m_type\" value=\"pinfo\" class=\"ipt_fsqm_hf_m_type\" \/>\n<input\ntype=\"hidden\" data-sayt-exclude name=\"ipt_fsqm_form_7[pinfo][5][type]\" id=\"ipt_fsqm_form_7_pinfo_5_type\" value=\"p_phone\" class=\"ipt_fsqm_hf_type\" \/><div\nclass=\"ipt_uif_column ipt_uif_column_full ipt_uif_conditional ipt_fsqm_container_p_phone\" id=\"ipt_fsqm_form_7_pinfo_5\"><div\nclass=\"ipt_uif_column_inner side_margin\"><div\nclass=\"ipt_uif_question ipt_uif_question_vertical ipt_uif_question_full\"><div\nclass=\"ipt_uif_question_content\"><div\nclass=\"input-field has-icon\">\n<input\nclass=\"check_me validate[required,custom[phone]] ipt_uif_text\"\ntype=\"tel\"\nname=\"ipt_fsqm_form_7[pinfo][5][value]\"\nid=\"ipt_fsqm_form_7_pinfo_5_value\"\nmaxlength=\"\"\t\tvalue=\"\" \/>\n<i\ntitle=\"\" class=\"ipticm prefix\" data-ipt-icomoon=\"&#xe08c;\"><\/i>\n<label\nfor=\"ipt_fsqm_form_7_pinfo_5_value\">Ihr Telefon<\/label><\/div><div\nclass=\"clear-both\"><\/div><\/div><\/div><div\nclass=\"clear-both\"><\/div><\/div><\/div>\n<input\ntype=\"hidden\" data-sayt-exclude name=\"ipt_fsqm_form_7[pinfo][9][m_type]\" id=\"ipt_fsqm_form_7_pinfo_9_m_type\" value=\"pinfo\" class=\"ipt_fsqm_hf_m_type\" \/>\n<input\ntype=\"hidden\" data-sayt-exclude name=\"ipt_fsqm_form_7[pinfo][9][type]\" id=\"ipt_fsqm_form_7_pinfo_9_type\" value=\"address\" class=\"ipt_fsqm_hf_type\" \/><div\nclass=\"ipt_uif_column ipt_uif_column_full ipt_uif_conditional ipt_fsqm_container_address\" id=\"ipt_fsqm_form_7_pinfo_9\"><div\nclass=\"ipt_uif_column_inner side_margin\"><div\nclass=\"ipt_uif_question ipt_uif_question_vertical ipt_uif_question_full\"><div\nclass=\"ipt_uif_question_content\"><div\nclass=\"ipt_uif_column ipt_uif_column_full ipt_uif_conditional ipt-eform-address-line-one\"><div\nclass=\"ipt_uif_column_inner\"><div\nclass=\"input-field has-icon\">\n<input\nclass=\"check_me validate[required] ipt_uif_text\"\ntype=\"text\"\nname=\"ipt_fsqm_form_7[pinfo][9][values][line_one]\"\nid=\"ipt_fsqm_form_7_pinfo_9_values_line_one\"\nvalue=\"\" \/>\n<i\ntitle=\"\" class=\"ipt-icomoon-address-book ipticm prefix\"><\/i>\n<label\nfor=\"ipt_fsqm_form_7_pinfo_9_values_line_one\">Hausnummer<\/label><\/div><div\nclass=\"clear-both\"><\/div><\/div><\/div><div\nclass=\"ipt_uif_column ipt_uif_column_full ipt_uif_conditional ipt-eform-address-line-three\"><div\nclass=\"ipt_uif_column_inner\"><div\nclass=\"input-field has-icon\">\n<input\nclass=\"check_me  ipt_uif_text\"\ntype=\"text\"\nname=\"ipt_fsqm_form_7[pinfo][9][values][line_three]\"\nid=\"ipt_fsqm_form_7_pinfo_9_values_line_three\"\nvalue=\"\" \/>\n<i\ntitle=\"\" class=\"ipt-icomoon-address-book ipticm prefix\"><\/i>\n<label\nfor=\"ipt_fsqm_form_7_pinfo_9_values_line_three\">ZIP<\/label><\/div><div\nclass=\"clear-both\"><\/div><\/div><\/div><div\nclass=\"ipt-eform-address-cpz cpz-column-full\"><div\nclass=\"ipt_uif_column ipt_uif_column_full ipt_uif_conditional ipt-eform-address-country\"><div\nclass=\"ipt_uif_column_inner\"><div\nclass=\"input-field has-icon\">\n<input\nclass=\"ipt_uif_autocomplete  check_me validate[required] ipt_uif_text\"\ndata-autocomplete=\"[]\"\t\t\t\t\t\t\t\ttype=\"text\"\nname=\"ipt_fsqm_form_7[pinfo][9][values][country]\"\nid=\"ipt_fsqm_form_7_pinfo_9_values_country\"\nvalue=\"\" \/>\n<i\ntitle=\"\" class=\"ipt-icomoon-flag ipticm prefix\"><\/i>\n<label\nfor=\"ipt_fsqm_form_7_pinfo_9_values_country\">Wohnort<\/label><\/div><div\nclass=\"clear-both\"><\/div><\/div><\/div><\/div><div\nclass=\"clear-both\"><\/div><div\nclass=\"clear-both\"><\/div><\/div><\/div><div\nclass=\"clear-both\"><\/div><\/div><\/div>\n<input\ntype=\"hidden\" data-sayt-exclude name=\"ipt_fsqm_form_7[freetype][6][m_type]\" id=\"ipt_fsqm_form_7_freetype_6_m_type\" value=\"freetype\" class=\"ipt_fsqm_hf_m_type\" \/>\n<input\ntype=\"hidden\" data-sayt-exclude name=\"ipt_fsqm_form_7[freetype][6][type]\" id=\"ipt_fsqm_form_7_freetype_6_type\" value=\"feedback_large\" class=\"ipt_fsqm_hf_type\" \/><div\nclass=\"ipt_uif_column ipt_uif_column_full ipt_uif_conditional ipt_fsqm_container_feedback_large\" id=\"ipt_fsqm_form_7_freetype_6\"><div\nclass=\"ipt_uif_column_inner side_margin\"><div\nclass=\"ipt_uif_question ipt_uif_question_vertical\"><div\nclass=\"ipt_uif_question_label\">\n<label\nclass=\"ipt_uif_question_title ipt_uif_label\" for=\"ipt_fsqm_form_7_freetype_6_value\">Deine Nachricht<span\nclass=\"ipt_uif_question_required\">*<\/span><\/label><div\nclass=\"clear-both\"><\/div><\/div><div\nclass=\"ipt_uif_question_content\"><div\nclass=\"input-field has-icon\"><textarea class=\"ipt_uif_textarea materialize-textarea  check_me validate[required]\"\n\t\trows=\"4\"\n\t\t\t\t\t\t\t\tname=\"ipt_fsqm_form_7[freetype][6][value]\"\n\t\tmaxlength=\"\"\t\tid=\"ipt_fsqm_form_7_freetype_6_value\"><\/textarea><i\ntitle=\"\" class=\"ipticm prefix\" data-ipt-icomoon=\"&#xe056;\"><\/i>\n<label\nfor=\"ipt_fsqm_form_7_freetype_6_value\">Schreiben Sie hier<\/label><\/div><div\nclass=\"clear-both\"><\/div><\/div><\/div><div\nclass=\"clear-both\"><\/div><\/div><\/div>\n<input\ntype=\"hidden\" data-sayt-exclude name=\"ipt_fsqm_form_7[pinfo][10][m_type]\" id=\"ipt_fsqm_form_7_pinfo_10_m_type\" value=\"pinfo\" class=\"ipt_fsqm_hf_m_type\" \/>\n<input\ntype=\"hidden\" data-sayt-exclude name=\"ipt_fsqm_form_7[pinfo][10][type]\" id=\"ipt_fsqm_form_7_pinfo_10_type\" value=\"s_checkbox\" class=\"ipt_fsqm_hf_type\" \/><div\nclass=\"ipt_uif_column ipt_uif_column_full ipt_uif_conditional ipt_fsqm_container_s_checkbox\" id=\"ipt_fsqm_form_7_pinfo_10\"><div\nclass=\"ipt_uif_column_inner side_margin\"><div\nclass=\"ipt_uif_label_column column_1\">\n<input\ntype=\"checkbox\"\nclass=\"check_me validate[required] ipt_uif_checkbox filled-in  ipt_uif_s_checkbox\"\nname=\"ipt_fsqm_form_7[pinfo][10][value]\" id=\"ipt_fsqm_form_7_pinfo_10_value_1\"\nvalue=\"1\" \/>\n<label\nclass=\"eform-label-with-tabindex\" tabindex=\"0\" for=\"ipt_fsqm_form_7_pinfo_10_value_1\" data-labelcon=\"&#xe18e;\">\nIch stimme der Verarbeitung der eingegebenen Daten und der Datenschutzrichtlinie zu.\t\t\t\t<\/label><\/div><div\nclass=\"clear-both\"><\/div><div\nclass=\"clear-both\"><\/div><\/div><\/div><\/div><div\nclass=\"clear-both\"><\/div><\/div><\/div><div\nclass=\"clear\"><\/div><div\nid=\"ipt_fsqm_form_7_button_container\" class=\"ipt_fsqm_form_button_container ipt_fsqm_form_button_container--classic eform-material-alternate-pb ipt-eform-material-button-container\"><div\nclass=\"eform-button-container-inner\">\n<button\ntype=\"submit\" class=\"ipt_uif_button eform-material-button eform-ripple ipt_fsqm_form_button_submit medium primary-button\" name=\"ipt_fsqm_form_7_button_submit\" id=\"ipt_fsqm_form_7_button_submit\"> D\u00ebrgo porosin\u00eb<\/button><\/div><\/div><div\nclass=\"clear-both\"><\/div><\/div><\/div><input type=\"hidden\" name=\"trp-form-language\" value=\"de\"\/><\/form><\/div><div\nstyle=\"display: none;\" class=\"ipt_fsqm_form_message_success ui-widget ui-widget-content ui-corner-all ipt_uif_widget_box\"><div\nclass=\"ui-helper-reset ui-helper-clearfix ui-widget-header ui-corner-all\"><h3><i\ntitle=\"\" class=\"ipt-icomoon-checkmark-circle ipticm prefix\"><\/i>\nIhre Bewerbung wurde erfolgreich<\/h3><\/div><div\nclass=\"ui-widget-content ui-corner-all ipt_fsqm_success_wrap\"><p>Ein\/Liebe %NAME%<br\n\/>\nDank uns werden Sie sich notiert haben.<br\n\/>\nEkipi yn\u00eb do t\u00eb ju p\u00ebrgjigjet n\u00eb koh\u00ebn m\u00eb t\u00eb shkurt\u00eb t\u00eb mundshme.<\/p><\/div><\/div><div\nstyle=\"display: none;\" class=\"ipt_fsqm_form_message_error ui-widget ui-widget-content ui-corner-all ipt_uif_widget_box\"><div\nclass=\"ui-helper-reset ui-helper-clearfix ui-widget-header ui-corner-all\"><div><i\ntitle=\"\" class=\"ipt-icomoon-laptop ipticm prefix\"><\/i>\nServer Side Error<\/div><\/div><div\nclass=\"ui-widget-content ui-corner-all\"><p>We faced problems while connecting to the server or receiving data from the server. Please wait for a few seconds and try again.<\/p><p>If the problem persists, then check your internet connectivity. If all other sites open fine, then please contact the administrator of this website with the following information.<\/p><p\nclass=\"jqXHR\">\n<strong>TextStatus: <\/strong><span\nclass=\"textStatus\">undefined<\/span><br\n\/>\n<strong>HTTP Error: <\/strong><span\nclass=\"errorThrown\">undefined<\/span><\/p><\/div><\/div><div\nstyle=\"display: none\" class=\"ipt_uif_widget_box ipt_fsqm_form_message_process\"><div\nclass=\"ui-widget ui-widget-header ui-corner-all\"><style type=\"text\/css\">.ipt_uif_ajax_loader,\n\t\t\t.ipt_uif_ajax_loader *,\n\t\t\tipt_uif_ajax_loader *::before,\n\t\t\tipt_uif_ajax_loader *::after {\n\t\t\t\tbox-sizing: border-box;\n\t\t\t}<\/style><div\nclass=\"ipt-eform-preloader-inline ipt_uif_ajax_loader\"><div\nclass=\"ipt-eform-preloader-inner\"><div\nclass=\"ipt-eform-preloader-circle\"><div\nclass=\"preloader-wrapper active\"><div\nclass=\"spinner-layer spinner-blue\"><div\nclass=\"circle-clipper left\"><div\nclass=\"circle\"><\/div><\/div><div\nclass=\"gap-patch\"><div\nclass=\"circle\"><\/div><\/div><div\nclass=\"circle-clipper right\"><div\nclass=\"circle\"><\/div><\/div><\/div><div\nclass=\"spinner-layer spinner-red\"><div\nclass=\"circle-clipper left\"><div\nclass=\"circle\"><\/div><\/div><div\nclass=\"gap-patch\"><div\nclass=\"circle\"><\/div><\/div><div\nclass=\"circle-clipper right\"><div\nclass=\"circle\"><\/div><\/div><\/div><div\nclass=\"spinner-layer spinner-yellow\"><div\nclass=\"circle-clipper left\"><div\nclass=\"circle\"><\/div><\/div><div\nclass=\"gap-patch\"><div\nclass=\"circle\"><\/div><\/div><div\nclass=\"circle-clipper right\"><div\nclass=\"circle\"><\/div><\/div><\/div><div\nclass=\"spinner-layer spinner-green\"><div\nclass=\"circle-clipper left\"><div\nclass=\"circle\"><\/div><\/div><div\nclass=\"gap-patch\"><div\nclass=\"circle\"><\/div><\/div><div\nclass=\"circle-clipper right\"><div\nclass=\"circle\"><\/div><\/div><\/div><\/div><\/div><div\nclass=\"ipt-eform-preloader-text\"><div\nclass=\"ipt-eform-preloader-text-inner ipt_uif_ajax_loader_text\">Durch den Prozess in Ihrem Namen<\/div><\/div><div\nclass=\"clear\"><\/div><\/div><\/div><\/div><\/div><div\nstyle=\"display: none;\" class=\"ipt_fsqm_form_validation_error ui-widget ui-widget-content ui-corner-all ipt_uif_widget_box\"><div\nclass=\"ui-helper-reset ui-helper-clearfix ui-widget-header ui-corner-all\"><div><i\ntitle=\"\" class=\"ipt-icomoon-warning2 ipticm prefix\"><\/i>\n<span\nclass=\"fsqm_ve_text\">Error<\/span><\/div><\/div><div\nclass=\"ui-widget-content ui-corner-all\"><p\nclass=\"fsqm_ve_msg\">Some error has occured.<\/p><\/div><\/div><\/div>\n\n\t\t<\/div>\n\t<\/div>\n<\/div><\/div><\/div><div class=\"wpb_column vc_column_container vc_col-sm-2\"><div class=\"vc_column-inner\"><div class=\"wpb_wrapper\"><\/div><\/div><\/div><\/div><div data-vc-full-width=\"true\" data-vc-full-width-temp=\"true\" data-vc-full-width-init=\"false\" data-vc-stretch-content=\"true\" class=\"vc_row wpb_row vc_row-fluid vc_row-no-padding\"><div class=\"wpb_column vc_column_container vc_col-sm-12\"><div class=\"vc_column-inner\"><div class=\"wpb_wrapper\"><div class=\"wpb_gmaps_widget wpb_content_element\"><div class=\"wpb_wrapper\"><div class=\"wpb_map_wraper\"><iframe src=\"https:\/\/www.google.com\/maps\/embed?pb=!1m18!1m12!1m3!1d2703.1537927233717!2d8.712070699999998!3d47.350395299999995!2m3!1f0!2f0!3f0!3m2!1i1024!2i768!4f13.1!3m3!1m2!1s0x479aa5fd2a4fa8e7%3A0xd7f15b21b4b9280b!2sShoqata%20Kulturore%20Shqiptare%20Bashkimi!5e0!3m2!1sen!2srs!4v1752684158487!5m2!1sen!2srs\" width=\"600\" height=\"450\" style=\"border:0;\" allowfullscreen=\"\" loading=\"lazy\" referrerpolicy=\"no-referrer-when-downgrade\"><\/iframe><\/div><\/div><\/div><\/div><\/div><\/div><\/div><div class=\"vc_row-full-width vc_clearfix\"><\/div>\n<\/div>","protected":false},"excerpt":{"rendered":"+41 79 617 85 38Telefoniinfo@bashkimi.chEmail AdresaBerchtoldstrasse 10, 8610 UsterAdresa Javascript is disabledJavascript is disabled on your browser. Please enable it","protected":false},"author":1,"featured_media":0,"parent":0,"menu_order":0,"comment_status":"closed","ping_status":"closed","template":"","meta":{"footnotes":""},"class_list":["post-19","page","type-page","status-publish","hentry"],"_links":{"self":[{"href":"https:\/\/bashkimi.ch\/de\/wp-json\/wp\/v2\/pages\/19","targetHints":{"allow":["GET"]}}],"collection":[{"href":"https:\/\/bashkimi.ch\/de\/wp-json\/wp\/v2\/pages"}],"about":[{"href":"https:\/\/bashkimi.ch\/de\/wp-json\/wp\/v2\/types\/page"}],"author":[{"embeddable":true,"href":"https:\/\/bashkimi.ch\/de\/wp-json\/wp\/v2\/users\/1"}],"replies":[{"embeddable":true,"href":"https:\/\/bashkimi.ch\/de\/wp-json\/wp\/v2\/comments?post=19"}],"version-history":[{"count":9,"href":"https:\/\/bashkimi.ch\/de\/wp-json\/wp\/v2\/pages\/19\/revisions"}],"predecessor-version":[{"id":3210,"href":"https:\/\/bashkimi.ch\/de\/wp-json\/wp\/v2\/pages\/19\/revisions\/3210"}],"wp:attachment":[{"href":"https:\/\/bashkimi.ch\/de\/wp-json\/wp\/v2\/media?parent=19"}],"curies":[{"name":"wp","href":"https:\/\/api.w.org\/{rel}","templated":true}]}}