{"id":3067,"date":"2025-11-19T17:37:46","date_gmt":"2025-11-19T17:37:46","guid":{"rendered":"https:\/\/bashkimi.ch\/?page_id=3067"},"modified":"2026-03-09T22:13:36","modified_gmt":"2026-03-09T22:13:36","slug":"fjale-nga-personalitete","status":"publish","type":"page","link":"https:\/\/bashkimi.ch\/de\/fjale-nga-personalitete\/","title":{"rendered":"Grussworte von Pers\u00f6nlichkeiten"},"content":{"rendered":"<div class=\"wpb-content-wrapper\"><div class=\"vc_row wpb_row vc_row-fluid\"><div class=\"wpb_column vc_column_container vc_col-sm-12\"><div class=\"vc_column-inner\"><div class=\"wpb_wrapper\"><div class=\"cz_gap clr  hide_on_tablet hide_on_mobile\" style=\"height: 30px\"><\/div><div class=\"cz_gap show_on_tablet clr\" style=\"height: 75px\"><\/div><div id=\"cz_37894\" class=\"cz_37894 cz_title clr cz_title_pos_inline\"><div class=\"cz_title_content\"><div class=\"cz_wpe_content\"><\/div><\/div><\/div><div id=\"cz_86914\" class=\"cz_86914 cz_title clr cz_title_ba_line cz_title_pos_inline tac\"><div class=\"cz_title_content\"><div class=\"cz_wpe_content\"><h3 style=\"text-align: center; font-size: 52px;\" class=\"translation-block\">Grussworte von verschiedenen Pers\u00f6nlichkeiten<\/h3>\n<\/div><div class=\"cz_title_line cz_line_after_title\"><span>_<\/span><\/div><\/div><\/div><div class=\"cz_gap clr  hide_on_tablet hide_on_mobile\" style=\"height: 100px\"><\/div><div class=\"cz_gap show_on_tablet clr\" style=\"height: 75px\"><\/div><\/div><\/div><\/div><\/div><div class=\"vc_row wpb_row vc_row-fluid\"><div class=\"wpb_column vc_column_container vc_col-sm-6\"><div class=\"vc_column-inner\"><div class=\"wpb_wrapper\"><div id=\"cz_15104\" class=\"cz_15104 cz_testimonials cz_testimonials_s6\"><div class=\"cz_testimonials_content\"><div class=\"cz_testimonials_meta\"><div class=\"cz_testimonials_avatar\"><img decoding=\"async\" width=\"150\" height=\"150\" src=\"https:\/\/bashkimi.ch\/wp-content\/uploads\/2025\/10\/Mentor-Latifi-150x150.jpg\" class=\"attachment-thumbnail\" alt=\"Mentor Latifi\" srcset=\"https:\/\/bashkimi.ch\/wp-content\/uploads\/2025\/10\/Mentor-Latifi-150x150.jpg 150w, https:\/\/bashkimi.ch\/wp-content\/uploads\/2025\/10\/Mentor-Latifi-600x600.jpg 600w\" sizes=\"auto, (max-width: 150px) 100vw, 150px\" loading=\"lazy\" \/><\/div><div class=\"cz_testimonials_name_subname\"><div class=\"cz_testimonials_name\">Mentor Latifi<\/div><div class=\"cz_testimonials_subname\">Botschafter der Republik Kosova<\/div><\/div><\/div><div class=\"cz_wpe_content\">Der Albanische Kulturverein \u201eBashkimi\u201c in Uster, gegr\u00fcndet im Jahr 1993, stellt einen bedeutenden Teil der Geschichte und des Geistes unserer Diaspora in der Schweiz dar. Er entstand in einer herausfordernden Zeit f\u00fcr die albanische Nation, als sich unsere Landsleute in Vereinen und Gemeinschaften versammelten, um Sprache, Identit\u00e4t und das gemeinsame nationale Bewusstsein zu bewahren. Bereits der Name \u201eBashkimi\u201c tr\u00e4gt den Kern seiner Mission in sich: die Ann\u00e4herung und Vereinigung der Albaner, ohne Unterschiede, auf Grundlage gemeinsamer Werte.<\/p>\n<p>Heute, mehr als drei Jahrzehnte sp\u00e4ter, ist der Verein \u201eBashkimi\u201c zu einem festen Bestandteil des kulturellen Lebens der Stadt Uster geworden und pflegt eine erfolgreiche Zusammenarbeit mit den lokalen Institutionen. Durch seine vielf\u00e4ltigen Aktivit\u00e4ten pr\u00e4sentiert der Verein w\u00fcrdevoll die albanischen Traditionen, Werte und Kultur und tr\u00e4gt so zu gegenseitigem Verst\u00e4ndnis und Respekt zwischen den Gemeinschaften bei.<\/p>\n<p>Als jemand, der in den Jahren in der Schweiz lebte, als dieser Verein seine ersten Schritte machte, empfinde ich besondere Dankbarkeit und gro\u00dfen Respekt f\u00fcr all jene, die dazu beigetragen haben, dass \u201eBashkimi\u201c ein dauerhaftes Symbol der albanischen Kultur, Integration und des Erfolgs in der Schweiz geblieben ist. Die Botschaft der Republik Kosovo in der Schweiz und ich als Botschafter sch\u00e4tzen den Beitrag des Vereins \u201eBashkimi\u201c zur Bewahrung der nationalen Identit\u00e4t und zur St\u00e4rkung der Beziehungen zwischen der albanischen Gemeinschaft und der Schweizer Gesellschaft ausserordentlich hoch.<\/div><\/div><\/div><div class=\"cz_gap clr\" style=\"height: 50px\"><\/div><\/div><\/div><\/div><div class=\"wpb_column vc_column_container vc_col-sm-6\"><div class=\"vc_column-inner\"><div class=\"wpb_wrapper\"><div id=\"cz_80304\" class=\"cz_80304 cz_testimonials cz_testimonials_s6\"><div class=\"cz_testimonials_content\"><div class=\"cz_testimonials_meta\"><div class=\"cz_testimonials_avatar\"><img decoding=\"async\" width=\"150\" height=\"150\" src=\"https:\/\/bashkimi.ch\/wp-content\/uploads\/2025\/10\/Rexhep-Demiri_Ambasador-i-Maqedonise-150x150.jpeg\" class=\"attachment-thumbnail\" alt=\"Rexhep Demiri Ambasador i Maqedonis\u00eb\" title=\"Recep Demiri_Ambasador der Republik Mazedonien\" srcset=\"https:\/\/bashkimi.ch\/wp-content\/uploads\/2025\/10\/Rexhep-Demiri_Ambasador-i-Maqedonise-150x150.jpeg 150w, https:\/\/bashkimi.ch\/wp-content\/uploads\/2025\/10\/Rexhep-Demiri_Ambasador-i-Maqedonise-600x600.jpeg 600w\" sizes=\"auto, (max-width: 150px) 100vw, 150px\" loading=\"lazy\" \/><\/div><div class=\"cz_testimonials_name_subname\"><div class=\"cz_testimonials_name\">Rexhep Demiri<\/div><div class=\"cz_testimonials_subname\">Botschafter der Republik Nordmazedonien<\/div><\/div><\/div><div class=\"cz_wpe_content\">\u201eDer Verein Bashkimi Uster \u2013 ein lebendiges Zentrum der albanischen Kultur und des Zusammenhalts\u201c<\/p>\n<p>Sehr geehrte Mitglieder des Vereins Bashkimi Uster,<\/p>\n<p>Es ist mir eine Freude und eine besondere Ehre, mich mit dieser Botschaft an Sie zu wenden und meine aufrichtige Wertsch\u00e4tzung f\u00fcr Ihren wertvollen Beitrag zur Bewahrung unserer nationalen, kulturellen und sprachlichen Identit\u00e4t in der Schweiz auszusprechen.<\/p>\n<p>Der Verein Bashkimi Uster ist ein inspirierendes Beispiel f\u00fcr die engagierte Arbeit der albanischen Diaspora, die die Verbindung zur Heimat pflegt und die Zusammenarbeit zwischen unserer Gemeinschaft und der Schweizer Gesellschaft st\u00e4rkt. Durch Ihre kulturellen, humanit\u00e4ren und gesellschaftlichen Aktivit\u00e4ten haben Sie gezeigt, dass die Liebe zur Heimat niemals erlischt \u2013 im Gegenteil, sie wird durch gemeinsames Engagement und Solidarit\u00e4t noch st\u00e4rker.<\/p>\n<p>In meinem Namen und im Namen der Botschaft der Republik Nordmazedonien spreche ich Ihnen meine tief empfundene Dankbarkeit f\u00fcr Ihre t\u00e4gliche Hingabe, Ihren Einsatz und Ihre klare Vision aus. Sie sind die besten Botschafter der albanischen Werte in der Schweiz \u2013 ein Beispiel f\u00fcr Einheit, ehrliche Arbeit und gegenseitigen Respekt.<\/p>\n<p>Bewahren wir diesen Geist der Einheit und der Liebe zu unserer Sprache, Kultur und Tradition. Lassen wir die jungen Generationen den Stolz auf ihre Herkunft und ihre Wurzeln erlernen. Der Verein Bashkimi Uster bleibt ein lebendiges Zentrum, in dem der albanische Geist sp\u00fcrbar ist und in dem jedes Mitglied zu einer st\u00e4rkeren und geeinteren Zukunft beitr\u00e4gt.<\/p>\n<p>Mit besonderem Respekt und aufrichtiger Wertsch\u00e4tzung.<\/div><\/div><\/div><\/div><\/div><\/div><\/div><div class=\"vc_row wpb_row vc_row-fluid\"><div class=\"wpb_column vc_column_container vc_col-sm-12\"><div class=\"vc_column-inner\"><div class=\"wpb_wrapper\"><div class=\"cz_gap clr\" style=\"height: 50px\"><\/div><\/div><\/div><\/div><\/div><div class=\"vc_row wpb_row vc_row-fluid\"><div class=\"wpb_column vc_column_container vc_col-sm-6\"><div class=\"vc_column-inner\"><div class=\"wpb_wrapper\"><div id=\"cz_40776\" class=\"cz_40776 cz_testimonials cz_testimonials_s6\"><div class=\"cz_testimonials_content\"><div class=\"cz_testimonials_meta\"><div class=\"cz_testimonials_avatar\"><img decoding=\"async\" width=\"150\" height=\"150\" src=\"https:\/\/bashkimi.ch\/wp-content\/uploads\/2025\/11\/Vigan-Berisha-150x150.jpeg\" class=\"attachment-thumbnail\" alt=\"Vigan Berisha\" title=\"Jumbo-Berisha\" srcset=\"https:\/\/bashkimi.ch\/wp-content\/uploads\/2025\/11\/Vigan-Berisha-150x150.jpeg 150w, https:\/\/bashkimi.ch\/wp-content\/uploads\/2025\/11\/Vigan-Berisha-600x600.jpeg 600w\" sizes=\"auto, (max-width: 150px) 100vw, 150px\" loading=\"lazy\" \/><\/div><div class=\"cz_testimonials_name_subname\"><div class=\"cz_testimonials_name\">Vigan Berisha<\/div><div class=\"cz_testimonials_subname\">Leiter der Konsularmission der Republik Kosovo in Z\u00fcrich<\/div><\/div><\/div><div class=\"cz_wpe_content\">Der Verein Bashkimi in Uster stellt ein best\u00e4ndiges Beispiel f\u00fcr Organisation, Engagement und Liebe zur albanischen Kultur in der Diaspora dar. Durch zahlreiche kulturelle, bildungsbezogene und gesellschaftliche Aktivit\u00e4ten hat dieser Verein die nationalen Werte bewahrt und an die j\u00fcngeren Generationen weitergegeben und sie so zu einem lebendigen Teil des albanischen Gemeindelebens in der Schweiz gemacht.<\/p>\n<p>Dank des kontinuierlichen Engagements seiner Mitglieder und Leitenden hat Bashkimi einen wertvollen Raum geschaffen, in dem Albaner zusammenkommen, zusammenarbeiten und das Gef\u00fchl der Zugeh\u00f6rigkeit und Solidarit\u00e4t st\u00e4rken. Diese vorbildliche Arbeit macht den Verein zu einer wichtigen Br\u00fccke zwischen der Diaspora und dem Heimatland.<\/p>\n<p>Im Namen des Konsulats der Republik Kosovo in Z\u00fcrich spreche ich meine Dankbarkeit und meinen Respekt f\u00fcr den Beitrag des Vereins Bashkimi sowie f\u00fcr seine bedeutende Rolle im kulturellen und gesellschaftlichen Leben unserer Diaspora und f\u00fcr die ausgezeichnete Zusammenarbeit mit unserer Mission aus.<\/div><\/div><\/div><\/div><\/div><\/div><div class=\"wpb_column vc_column_container vc_col-sm-6\"><div class=\"vc_column-inner\"><div class=\"wpb_wrapper\"><div id=\"cz_92073\" class=\"cz_92073 cz_testimonials cz_testimonials_s6\"><div class=\"cz_testimonials_content\"><div class=\"cz_testimonials_meta\"><div class=\"cz_testimonials_avatar\"><img decoding=\"async\" width=\"150\" height=\"150\" src=\"https:\/\/bashkimi.ch\/wp-content\/uploads\/2025\/11\/Marin-Mema-150x150.jpg\" class=\"attachment-thumbnail\" alt=\"Marin Mema\" title=\"Marin-Mema\" srcset=\"https:\/\/bashkimi.ch\/wp-content\/uploads\/2025\/11\/Marin-Mema-150x150.jpg 150w, https:\/\/bashkimi.ch\/wp-content\/uploads\/2025\/11\/Marin-Mema-600x600.jpg 600w\" sizes=\"auto, (max-width: 150px) 100vw, 150px\" loading=\"lazy\" \/><\/div><div class=\"cz_testimonials_name_subname\"><div class=\"cz_testimonials_name\">Marin Mema<\/div><div class=\"cz_testimonials_subname\">Journalist und Researcher<\/div><\/div><\/div><div class=\"cz_wpe_content\"><div style=\"font-size: 14px; line-height: 1.4; margin: 0; padding: 0;\">\n<p><span style=\"font-family: Arial; font-size: 16px;\">Der Verein Bashkimi leistet hervorragende Arbeit bei der Organisation, dem Zusammenhalt und der Bewahrung der albanischen Traditionen in der Diaspora. Die Teilnahme an den Aktivit\u00e4ten dieses Vereins war f\u00fcr mich eine besondere Freude, da ich die M\u00f6glichkeit hatte, die gro\u00dfartige Arbeit, die in diesem Bereich geleistet wird, aus n\u00e4chster N\u00e4he zu erleben.<\/span><\/p>\n<p><span style=\"font-family: Arial; font-size: 16px;\">In schwierigen Zeiten, in denen die Entfernung ihr \u00dcbriges tut, sind solche Veranstaltungen eine Notwendigkeit und sollten sich weiterentwickeln. Das Leben in der Diaspora ist herausfordernd, doch die Bewahrung der Identit\u00e4t ist die St\u00e4rke eines Volkes, das seine Wurzeln lebendig halten muss.<\/span><\/p>\n<p><span style=\"font-family: Arial; font-size: 16px;\">Der Verein Bashkimi leistet eine lobenswerte Arbeit, und selbstverst\u00e4ndlich war ich, und werde ich immer, bereit, mit ihnen zusammenzuarbeiten.<\/span><\/div>\n<\/div><\/div><\/div><div class=\"cz_gap clr\" style=\"height: 50px\"><\/div><div class=\"cz_gap clr\" style=\"height: 50px\"><\/div><\/div><\/div><\/div><\/div><div class=\"vc_row wpb_row vc_row-fluid\"><div class=\"wpb_column vc_column_container vc_col-sm-12\"><div class=\"vc_column-inner\"><div class=\"wpb_wrapper\"><div class=\"cz_gap clr\" style=\"height: 50px\"><\/div><\/div><\/div><\/div><\/div><div class=\"vc_row wpb_row vc_row-fluid\"><div class=\"wpb_column vc_column_container vc_col-sm-6\"><div class=\"vc_column-inner\"><div class=\"wpb_wrapper\"><div id=\"cz_11627\" class=\"cz_11627 cz_testimonials cz_testimonials_s6\"><div class=\"cz_testimonials_content\"><div class=\"cz_testimonials_meta\"><div class=\"cz_testimonials_avatar\"><img decoding=\"async\" width=\"150\" height=\"150\" src=\"https:\/\/bashkimi.ch\/wp-content\/uploads\/2025\/11\/Cun-Lajci-150x150.jpg\" class=\"attachment-thumbnail\" alt=\"\u00c7un Laj\u00e7i\" title=\"\u00c7un-Laj\u00e7i\" loading=\"lazy\" \/><\/div><div class=\"cz_testimonials_name_subname\"><div class=\"cz_testimonials_name\">\u00c7un Laj\u00e7i<\/div><div class=\"cz_testimonials_subname\">Artist \/ Autor<\/div><\/div><\/div><div class=\"cz_wpe_content\">Ich bin Guximtar, sagte er, und ich will deine Stimme und die Verse von Fishta bei der Veranstaltung des Vereins Bashkimi! Ich bin aus Struga, zwischen Geg\u00ebn und Tosk\u00ebn, sagte er, und ich habe die B\u00fccher gekauft, die du zum Verkauf hattest.<br \/>\nIch schaute ihn nur sprachlos an. Er wirkte wie ein stattlicher und fr\u00f6hlicher Mann. Er sprach mit mir \u00fcber die Arbeit, die der Verein Bashkimi seit vielen Jahren unter den Migranten leistet, irgendwo in einem Vorort von Z\u00fcrich. Ich gab ihm mein Wort, dass Cuni, Fishta und meine Stimme bei dieser Veranstaltung dabei sein werden, einer Veranstaltung, die Sprache, Tradition und Wurzeln bewahrt. Diese Dinge brauchen sie viel mehr als wir in der Heimat, sagte ich mir selbst, w\u00e4hrend ich den Vorsitzenden des Vereins, den Struganer Guximtar Alushi, betrachtete.<\/p>\n<p>Dieser Tag kam, denn die Zeit bleibt nicht stehen, und ich, mit einem Leinenhemd und einem wei\u00dfen Plis, trat auf die B\u00fchne mit dem epischen Vers: \u2039Von einem Meer zum anderen Meer, Herr bin ich selbst\u203a, und hunderte Migranten klatschten.<br \/>\nIch war mehr als gl\u00fccklich \u00fcber ihre Teilnahme und \u00fcber das vielf\u00e4ltige Programm des Vereins Bashkimi.<\/p>\n<p>Guximtar, sagte ich zu ihm, als er mich verabschiedete, das braucht das Kind, das in der Diaspora aufw\u00e4chst, und das braucht der alte Mann, dem die Jahre fern der Heimat vergehen: die Sprache und die Tradition der Vorfahren. Arbeitet weiter und werdet nicht m\u00fcde!<\/p>\n<p>Ich gab mein Wort, dass ich ihnen immer zur Verf\u00fcgung stehen werde, wann immer sie meine Kunst brauchen, und dass ich nicht sparsam damit sein werde.<\/div><\/div><\/div><div class=\"cz_gap clr\" style=\"height: 50px\"><\/div><div class=\"cz_gap clr\" style=\"height: 50px\"><\/div><\/div><\/div><\/div><div class=\"wpb_column vc_column_container vc_col-sm-6\"><div class=\"vc_column-inner\"><div class=\"wpb_wrapper\"><div id=\"cz_2328\" class=\"cz_2328 cz_testimonials cz_testimonials_s6\"><div class=\"cz_testimonials_content\"><div class=\"cz_testimonials_meta\"><div class=\"cz_testimonials_avatar\"><img decoding=\"async\" width=\"150\" height=\"150\" src=\"https:\/\/bashkimi.ch\/wp-content\/uploads\/2026\/02\/Genci-Kastrati-photo-e1771543623750-150x150.jpg\" class=\"attachment-thumbnail\" alt=\"Genci Kastrati photo\" title=\"Genci-Kastrati-photo\" loading=\"lazy\" \/><\/div><div class=\"cz_testimonials_name_subname\"><div class=\"cz_testimonials_name\">Genci Kastrati<\/div><div class=\"cz_testimonials_subname\">Chefchoreograf des Nationalensembles f\u00fcr Volkslieder und -t\u00e4nze<\/div><\/div><\/div><div class=\"cz_wpe_content translation-block\">Als Choreograf und Meister des albanischen Volkstanzes beim Nationalensemble f\u00fcr albanische Volkslieder und -t\u00e4nze hatte ich das Vergn\u00fcgen, mehrfach mit dem Kulturverein \u201eBashkimi\u201d in Uster zusammenzuarbeiten und habe aus erster Hand erfahren, mit welcher Ernsthaftigkeit, Disziplin und Qualit\u00e4t dieser Verein jede seiner Aktivit\u00e4ten durchf\u00fchrt. Unsere Zusammenarbeit war strukturiert, von k\u00fcnstlerischer Klarheit und gegenseitigem professionellem Respekt gepr\u00e4gt.\nDer Kulturverein \u201eBashkimi\u201c beschr\u00e4nkt sich nicht darauf, einfach nur kulturelle Veranstaltungen zu organisieren, sondern hat eine nachhaltige Plattform geschaffen, auf der der albanische Tanz, die albanische Musik und die albanische Sprache bewusst gepflegt werden. Im Trainingsprozess habe ich eine Gruppe engagierter T\u00e4nzerinnen und T\u00e4nzer kennengelernt, die die urspr\u00fcngliche Form des Tanzes zutiefst respektieren und den Ehrgeiz haben, das interpretatorische Niveau in jeder B\u00fchnenauff\u00fchrung zu steigern. Dies zeigt, dass ihre Arbeit nicht spontan, sondern durchdacht und auf einem hohen Standard basiert.\nIch sch\u00e4tze die interne Organisation, den Geist der Zusammenarbeit und die langfristige Vision der Leiter sehr. Dieser Ansatz spiegelt sich deutlich in der k\u00fcnstlerischen Qualit\u00e4t und dem w\u00fcrdevollen Image wider, das der Verein \u201eBashkimi\u201c sowohl gegen\u00fcber der albanischen Gemeinschaft als auch gegen\u00fcber der Schweizer \u00d6ffentlichkeit repr\u00e4sentiert.\nF\u00fcr mich ist der Verein \u201eBashkimi\u201c ein seri\u00f6ser Partner und eine wichtige kulturelle Referenz in der Diaspora, ein konkretes Beispiel daf\u00fcr, wie Tradition mit Integrit\u00e4t bewahrt, mit Professionalit\u00e4t weiterentwickelt und weit entfernt von der Heimat auf hohem k\u00fcnstlerischem Niveau pr\u00e4sentiert werden kann.<\/div><\/div><\/div><div class=\"cz_gap clr\" style=\"height: 50px\"><\/div><\/div><\/div><\/div><\/div><div class=\"vc_row wpb_row vc_row-fluid\"><div class=\"wpb_column vc_column_container vc_col-sm-6\"><div class=\"vc_column-inner\"><div class=\"wpb_wrapper\"><div id=\"cz_8235\" class=\"cz_8235 cz_testimonials cz_testimonials_s6\"><div class=\"cz_testimonials_content\"><div class=\"cz_testimonials_meta\"><div class=\"cz_testimonials_avatar\"><img decoding=\"async\" width=\"150\" height=\"150\" src=\"https:\/\/bashkimi.ch\/wp-content\/uploads\/2026\/03\/Valon-Gashi_1-150x150.jpg\" class=\"attachment-thumbnail\" alt=\"Valon Gashi 1\" title=\"Valon Gashi_1\" loading=\"lazy\" \/><\/div><div class=\"cz_testimonials_name_subname\"><div class=\"cz_testimonials_name\">Valon Gashi<\/div><div class=\"cz_testimonials_subname\">Valon Gashi, Erster Sekret\u00e4r an der Botschaft der Republik Albanien in Bern<\/div><\/div><\/div><div class=\"cz_wpe_content\">Der Verein \u201eBashkimi\u201c in der Schweiz stellt ein wertvolles Beispiel f\u00fcr das Engagement der albanischen Gemeinschaft in der Diaspora dar, unsere nationale Identit\u00e4t zu bewahren und zu pflegen. Durch kulturelle, gesellschaftliche und bildungsbezogene Aktivit\u00e4ten \u00fcber viele Jahre hinweg hat er dazu beigetragen, unsere Sprache, Tradition und Geschichte lebendig zu halten und eine starke Verbindung zwischen den Generationen von Albanerinnen und Albanern zu schaffen, die fern der Heimat leben.<br \/>\nUnsere Nationalen Wiedererwecker, von Naim Frash\u00ebri \u00fcber Pashko Vasa bis hin zu Sami Frash\u00ebri, betrachteten die Bewahrung der Sprache und der Kultur als das Fundament unseres nationalen Daseins. Das bekannte Wort von Pashko Vasa \u2013 \u201eDie Religion des Albaners ist das Albanertum\u201c \u2013 bleibt auch heute eine starke Erinnerung an die Einheit und die Verantwortung, die wir tragen, um unsere Identit\u00e4t zu sch\u00fctzen und weiterzugeben.<br \/>\nIn diesem Sinne ist die Arbeit des Vereins \u201eBashkimi\u201c, diese Werte an die j\u00fcngeren Generationen weiterzugeben, von besonderer Bedeutung. Sie tr\u00e4gt nicht nur zur Bewahrung unserer kulturellen Wurzeln bei, sondern leistet auch einen Beitrag zum Aufbau eines w\u00fcrdevollen und positiven Bildes der albanischen Gemeinschaft in der schweizerischen Gesellschaft.<\/p>\n<p>Als Vertreter der Botschaft der Republik Albanien in der Schweiz sch\u00e4tze ich das Engagement und den Beitrag des Vereins \u201eBashkimi\u201c sowie aller jener sehr, die mit Hingabe und Liebe zur Heimat \u00fcber die Jahre hinweg daran gearbeitet haben, den Geist der Einheit und Solidarit\u00e4t unter den Albanerinnen und Albanern in der Diaspora lebendig zu halten.<\/p>\n<p>In der Hoffnung, dass diese wertvolle T\u00e4tigkeit auch in Zukunft mit demselben Ideal und Engagement fortgesetzt wird, gratuliere ich Ihnen zu Ihrer Arbeit und Ihrer Mission im Dienst der albanischen Gemeinschaft.<\/p>\n<p>&nbsp;<\/p>\n<p>Mit freundlichen Gr\u00fcssen<br \/>\nValon Gashi, Erster Sekret\u00e4r an der Botschaft der Republik Albanien in Bern<\/div><\/div><\/div><div class=\"cz_gap clr\" style=\"height: 50px\"><\/div><\/div><\/div><\/div><div class=\"wpb_column vc_column_container vc_col-sm-6\"><div class=\"vc_column-inner\"><div class=\"wpb_wrapper\"><\/div><\/div><\/div><\/div><div class=\"vc_row wpb_row vc_row-fluid\"><div class=\"wpb_column vc_column_container vc_col-sm-6\"><div class=\"vc_column-inner\"><div class=\"wpb_wrapper\">\n\t<div class=\"wpb_text_column wpb_content_element\" >\n\t\t<div class=\"wpb_wrapper\">\n\t\t\t\n\t\t<\/div>\n\t<\/div>\n<\/div><\/div><\/div><div class=\"wpb_column vc_column_container vc_col-sm-6\"><div class=\"vc_column-inner\"><div class=\"wpb_wrapper\"><\/div><\/div><\/div><\/div>\n<\/div>","protected":false},"excerpt":{"rendered":"Fjal\u00eb rasti nga personalitete t\u00eb ndryshme _Mentor LatifiAmbasadori i Kosov\u00ebs n\u00eb BernShoqata Kulturore \u201cBashkimi\u201d n\u00eb Uster, e themeluar n\u00eb vitin","protected":false},"author":1,"featured_media":0,"parent":0,"menu_order":0,"comment_status":"closed","ping_status":"closed","template":"","meta":{"footnotes":""},"class_list":["post-3067","page","type-page","status-publish","hentry"],"_links":{"self":[{"href":"https:\/\/bashkimi.ch\/de\/wp-json\/wp\/v2\/pages\/3067","targetHints":{"allow":["GET"]}}],"collection":[{"href":"https:\/\/bashkimi.ch\/de\/wp-json\/wp\/v2\/pages"}],"about":[{"href":"https:\/\/bashkimi.ch\/de\/wp-json\/wp\/v2\/types\/page"}],"author":[{"embeddable":true,"href":"https:\/\/bashkimi.ch\/de\/wp-json\/wp\/v2\/users\/1"}],"replies":[{"embeddable":true,"href":"https:\/\/bashkimi.ch\/de\/wp-json\/wp\/v2\/comments?post=3067"}],"version-history":[{"count":18,"href":"https:\/\/bashkimi.ch\/de\/wp-json\/wp\/v2\/pages\/3067\/revisions"}],"predecessor-version":[{"id":3722,"href":"https:\/\/bashkimi.ch\/de\/wp-json\/wp\/v2\/pages\/3067\/revisions\/3722"}],"wp:attachment":[{"href":"https:\/\/bashkimi.ch\/de\/wp-json\/wp\/v2\/media?parent=3067"}],"curies":[{"name":"wp","href":"https:\/\/api.w.org\/{rel}","templated":true}]}}