{"id":3517,"date":"2026-01-29T23:59:21","date_gmt":"2026-01-29T23:59:21","guid":{"rendered":"https:\/\/bashkimi.ch\/?page_id=3517"},"modified":"2026-01-30T00:35:56","modified_gmt":"2026-01-30T00:35:56","slug":"formularet","status":"publish","type":"page","link":"https:\/\/bashkimi.ch\/de\/formularet\/","title":{"rendered":"Anmeldungen"},"content":{"rendered":"<div class=\"wpb-content-wrapper\"><div data-vc-full-width=\"true\" data-vc-full-width-temp=\"true\" data-vc-full-width-init=\"false\" class=\"vc_row wpb_row vc_row-fluid vc_row-o-full-height vc_row-o-columns-middle vc_row-flex\"><div class=\"wpb_column vc_column_container vc_col-sm-12\"><div class=\"vc_column-inner\"><div class=\"wpb_wrapper\">\n\t<div class=\"wpb_text_column wpb_content_element\" >\n\t\t<div class=\"wpb_wrapper\">\n\t\t\t<p style=\"text-align: center;\"><span style=\"color: #000000;\"><span style=\"font-size: 24px;\"><b>W\u00e4hle das gew\u00fcnschte Formular aus und melde dich an.<\/b><\/span><\/span><\/p>\n\n\t\t<\/div>\n\t<\/div>\n<div class=\"vc_separator wpb_content_element vc_separator_align_center vc_sep_width_100 vc_sep_pos_align_center vc_separator_no_text vc_sep_color_grey wpb_content_element  wpb_content_element\" ><span class=\"vc_sep_holder vc_sep_holder_l\"><span class=\"vc_sep_line\"><\/span><\/span><span class=\"vc_sep_holder vc_sep_holder_r\"><span class=\"vc_sep_line\"><\/span><\/span>\n<\/div><div class=\"vc_row wpb_row vc_inner vc_row-fluid\"><div class=\"wpb_column vc_column_container vc_col-sm-6\"><div class=\"vc_column-inner\"><div class=\"wpb_wrapper\"><style>.vc_btn3-style-gradient-custom.vc_btn-gradient-btn-69e5d47494077:hover{color: #ffffff;background-color: #000000;border: none;background-position: 100% 0;}<\/style><style>.vc_btn3-style-gradient-custom.vc_btn-gradient-btn-69e5d47494077{color: #ffffff;border: none;background-color: #DD4133;background-image: -webkit-linear-gradient(left, #DD4133 0%, #000000 50%,#DD4133 100%);background-image: linear-gradient(to right, #DD4133 0%, #000000 50%,#DD4133 100%);-webkit-transition: all .2s ease-in-out;transition: all .2s ease-in-out;background-size: 200% 100%;}<\/style><div class=\"vc_btn3-container vc_btn3-center vc_do_btn\" ><a data-vc-gradient-1=\"#DD4133\" data-vc-gradient-2=\"#000000\" class=\"vc_general vc_btn3 vc_btn3-size-lg vc_btn3-shape-rounded vc_btn3-style-gradient-custom vc_btn3-block vc_btn-gradient-btn-69e5d47494077\" href=\"https:\/\/bashkimi.ch\/de\/aplikim-per-qira-te-lokalit\/\" title=\"Besuche uns \u2013 melde dich hier an\">Unser Vereinslokal<\/a><\/div><\/div><\/div><\/div><div class=\"wpb_column vc_column_container vc_col-sm-6\"><div class=\"vc_column-inner\"><div class=\"wpb_wrapper\"><style>.vc_btn3-style-gradient-custom.vc_btn-gradient-btn-69e5d47494284:hover{color: #ffffff;background-color: #DD3333;border: none;background-position: 100% 0;}<\/style><style>.vc_btn3-style-gradient-custom.vc_btn-gradient-btn-69e5d47494284{color: #ffffff;border: none;background-color: #000000;background-image: -webkit-linear-gradient(left, #000000 0%, #DD3333 50%,#000000 100%);background-image: linear-gradient(to right, #000000 0%, #DD3333 50%,#000000 100%);-webkit-transition: all .2s ease-in-out;transition: all .2s ease-in-out;background-size: 200% 100%;}<\/style><div class=\"vc_btn3-container vc_btn3-center vc_do_btn\" ><a data-vc-gradient-1=\"#000000\" data-vc-gradient-2=\"#DD3333\" class=\"vc_general vc_btn3 vc_btn3-size-lg vc_btn3-shape-rounded vc_btn3-style-gradient-custom vc_btn3-block vc_btn-gradient-btn-69e5d47494284\" href=\"https:\/\/bashkimi.ch\/de\/sponzorimi\/\" title=\"Tanze bei uns\">Sponsoring<\/a><\/div><\/div><\/div><\/div><\/div><div class=\"vc_row wpb_row vc_inner vc_row-fluid\"><div class=\"wpb_column vc_column_container vc_col-sm-6\"><div class=\"vc_column-inner\"><div class=\"wpb_wrapper\"><style>.vc_btn3-style-gradient-custom.vc_btn-gradient-btn-69e5d474944fa:hover{color: #ffffff;background-color: #000000;border: none;background-position: 100% 0;}<\/style><style>.vc_btn3-style-gradient-custom.vc_btn-gradient-btn-69e5d474944fa{color: #ffffff;border: none;background-color: #DD4133;background-image: -webkit-linear-gradient(left, #DD4133 0%, #000000 50%,#DD4133 100%);background-image: linear-gradient(to right, #DD4133 0%, #000000 50%,#DD4133 100%);-webkit-transition: all .2s ease-in-out;transition: all .2s ease-in-out;background-size: 200% 100%;}<\/style><div class=\"vc_btn3-container vc_btn3-center vc_do_btn\" ><a data-vc-gradient-1=\"#DD4133\" data-vc-gradient-2=\"#000000\" class=\"vc_general vc_btn3 vc_btn3-size-lg vc_btn3-shape-rounded vc_btn3-style-gradient-custom vc_btn3-block vc_btn-gradient-btn-69e5d474944fa\" href=\"https:\/\/bashkimi.ch\/de\/formulari-per-antaresim-ne-shoqate\/\" title=\"Besuche uns \u2013 melde dich hier an\">Werde Mitglied des Vereins Bashkimi.<\/a><\/div><\/div><\/div><\/div><div class=\"wpb_column vc_column_container vc_col-sm-6\"><div class=\"vc_column-inner\"><div class=\"wpb_wrapper\"><style>.vc_btn3-style-gradient-custom.vc_btn-gradient-btn-69e5d474946ac:hover{color: #ffffff;background-color: #DD3333;border: none;background-position: 100% 0;}<\/style><style>.vc_btn3-style-gradient-custom.vc_btn-gradient-btn-69e5d474946ac{color: #ffffff;border: none;background-color: #000000;background-image: -webkit-linear-gradient(left, #000000 0%, #DD3333 50%,#000000 100%);background-image: linear-gradient(to right, #000000 0%, #DD3333 50%,#000000 100%);-webkit-transition: all .2s ease-in-out;transition: all .2s ease-in-out;background-size: 200% 100%;}<\/style><div class=\"vc_btn3-container vc_btn3-center vc_do_btn\" ><a data-vc-gradient-1=\"#000000\" data-vc-gradient-2=\"#DD3333\" class=\"vc_general vc_btn3 vc_btn3-size-lg vc_btn3-shape-rounded vc_btn3-style-gradient-custom vc_btn3-block vc_btn-gradient-btn-69e5d474946ac\" href=\"https:\/\/bashkimi.ch\/de\/aplikim-per-evente\/\" title=\"Tanze bei uns\">Event-Anmeldung<\/a><\/div><\/div><\/div><\/div><\/div><div class=\"vc_row wpb_row vc_inner vc_row-fluid\"><div class=\"wpb_column vc_column_container vc_col-sm-12\"><div class=\"vc_column-inner\"><div class=\"wpb_wrapper\"><div class=\"vc_separator wpb_content_element vc_separator_align_center vc_sep_width_100 vc_sep_pos_align_center vc_separator_no_text vc_sep_color_grey wpb_content_element  wpb_content_element\" ><span class=\"vc_sep_holder vc_sep_holder_l\"><span class=\"vc_sep_line\"><\/span><\/span><span class=\"vc_sep_holder vc_sep_holder_r\"><span class=\"vc_sep_line\"><\/span><\/span>\n<\/div><\/div><\/div><\/div><\/div><\/div><\/div><\/div><div class=\"wpb_column vc_column_container vc_col-sm-12\"><div class=\"vc_column-inner\"><div class=\"wpb_wrapper\"><\/div><\/div><\/div><\/div><div class=\"vc_row-full-width vc_clearfix\"><\/div><div class=\"vc_row wpb_row vc_row-fluid\"><div class=\"wpb_column vc_column_container vc_col-sm-12\"><div class=\"vc_column-inner\"><div class=\"wpb_wrapper\"><div class=\"cz_gap clr  hide_on_tablet hide_on_mobile\" style=\"height: 75px\"><\/div><div class=\"cz_gap show_on_tablet clr\" style=\"height: 50px\"><\/div><div id=\"cz_103628\" class=\"cz_103628 cz_title clr cz_title_ba_line cz_title_pos_inline\"><div class=\"cz_title_content\"><div class=\"cz_wpe_content\"><h3 class=\"translation-block\">Die Tanzgruppen des Vereins Bashkimi<\/h3>\n<\/div><div class=\"cz_title_line cz_line_after_title\"><span>_<\/span><\/div><\/div><\/div><div class=\"cz_gap clr  hide_on_tablet hide_on_mobile\" style=\"height: 75px\"><\/div><div class=\"cz_gap show_on_tablet clr\" style=\"height: 50px\"><\/div><\/div><\/div><\/div><\/div><div class=\"vc_row wpb_row vc_row-fluid\"><div class=\"wpb_column vc_column_container vc_col-sm-12 vc_col-md-4\"><div class=\"vc_column-inner\"><div class=\"wpb_wrapper\"><div class=\"cz_eqh cz_content_box_parent_fx\"><div class=\"fx_bob_hover\"><div id=\"cz_88454\" class=\"cz_88454 cz_content_box clr\"><div class=\"cz_box_front clr\"><div class=\"cz_box_front_inner clr\"><span><\/span><div><div id=\"cz_106577\" class=\"cz_106577 cz_title clr cz_title_ba_line cz_title_pos_inline\"><div class=\"cz_title_content\"><div class=\"cz_wpe_content\"><h4><strong>Die Adler<\/strong><\/h4>\n<\/div><div class=\"cz_title_line cz_line_after_title\"><span>_<\/span><\/div><\/div><\/div>\n\t<div class=\"wpb_text_column wpb_content_element\" >\n\t\t<div class=\"wpb_wrapper\">\n\t\t\t<p><strong>MEHRZWECKSAAL SPRACHEN<\/strong><br \/>\nApothekerstrasse 13, 8610 Uster<br \/>\n\u00d6ffnungszeiten: Jeden Freitag Zeit: 20:00-21:45<\/p>\n\n\t\t<\/div>\n\t<\/div>\n<\/div><\/div><\/div><\/div><\/div><\/div><div class=\"cz_gap clr\" style=\"height: 30px\"><\/div><div class=\"cz_eqh cz_content_box_parent_fx\"><div class=\"fx_bob_hover\"><div id=\"cz_23089\" class=\"cz_23089 cz_content_box clr\"><div class=\"cz_box_front clr\"><div class=\"cz_box_front_inner clr\"><span><\/span><div><div id=\"cz_105530\" class=\"cz_105530 cz_title clr cz_title_ba_line cz_title_pos_inline\"><div class=\"cz_title_content\"><div class=\"cz_wpe_content\"><h4><strong>Die Spatzen<\/strong><\/h4>\n<\/div><div class=\"cz_title_line cz_line_after_title\"><span>_<\/span><\/div><\/div><\/div>\n\t<div class=\"wpb_text_column wpb_content_element\" >\n\t\t<div class=\"wpb_wrapper\">\n\t\t\t<p><strong>Schuleinheit Oberuster<\/strong><br \/>\nAathalstrasse 31, 8610 Uster<br \/>\n\u00d6ffnungszeiten: Jeden Freitag Zeit: 18:00-19:45<\/p>\n\n\t\t<\/div>\n\t<\/div>\n<\/div><\/div><\/div><\/div><\/div><\/div><div class=\"cz_gap clr\" style=\"height: 30px\"><\/div><\/div><\/div><\/div><div class=\"wpb_column vc_column_container vc_col-sm-12 vc_col-md-4\"><div class=\"vc_column-inner\"><div class=\"wpb_wrapper\"><div class=\"cz_eqh cz_content_box_parent_fx\"><div class=\"fx_bob_hover\"><div id=\"cz_78385\" class=\"cz_78385 cz_content_box clr\"><div class=\"cz_box_front clr\"><div class=\"cz_box_front_inner clr\"><span><\/span><div><div id=\"cz_57044\" class=\"cz_57044 cz_title clr cz_title_ba_line cz_title_pos_inline\"><div class=\"cz_title_content\"><div class=\"cz_wpe_content\"><h4>Die M\u00f6wen<\/h4>\n<\/div><div class=\"cz_title_line cz_line_after_title\"><span>_<\/span><\/div><\/div><\/div>\n\t<div class=\"wpb_text_column wpb_content_element\" >\n\t\t<div class=\"wpb_wrapper\">\n\t\t\t<p><strong>Schuleinheit Oberuster<\/strong><br \/>\nAathalstrasse 31, 8610 Uster<br \/>\n\u00d6ffnungszeiten: Jeden Freitag Zeit: 20:00-21:45<\/p>\n\n\t\t<\/div>\n\t<\/div>\n<\/div><\/div><\/div><\/div><\/div><\/div><div class=\"cz_gap clr\" style=\"height: 30px\"><\/div><div class=\"cz_eqh cz_content_box_parent_fx\"><div class=\"fx_bob_hover\"><div id=\"cz_39554\" class=\"cz_39554 cz_content_box clr\"><div class=\"cz_box_front clr\"><div class=\"cz_box_front_inner clr\"><span><\/span><div><div id=\"cz_108106\" class=\"cz_108106 cz_title clr cz_title_ba_line cz_title_pos_inline\"><div class=\"cz_title_content\"><div class=\"cz_wpe_content\"><h4>Die Nachtigallen<\/h4>\n<\/div><div class=\"cz_title_line cz_line_after_title\"><span>_<\/span><\/div><\/div><\/div>\n\t<div class=\"wpb_text_column wpb_content_element\" >\n\t\t<div class=\"wpb_wrapper\">\n\t\t\t<p><strong>Vereinslokal - Zeughaaus<\/strong><br \/>\nBerchtoldstrasse 10, 8610 Uster<br \/>\n\u00d6ffnungszeiten: Jeden Freitag Zeit: 18:00-19:45<\/p>\n\n\t\t<\/div>\n\t<\/div>\n<\/div><\/div><\/div><\/div><\/div><\/div><div class=\"cz_gap clr\" style=\"height: 30px\"><\/div><\/div><\/div><\/div><div class=\"wpb_column vc_column_container vc_col-sm-12 vc_col-md-4\"><div class=\"vc_column-inner\"><div class=\"wpb_wrapper\"><div class=\"cz_eqh cz_content_box_parent_fx\"><div class=\"fx_bob_hover\"><div id=\"cz_66426\" class=\"cz_66426 cz_content_box clr\"><div class=\"cz_box_front clr\"><div class=\"cz_box_front_inner clr\"><span><\/span><div><div id=\"cz_79503\" class=\"cz_79503 cz_title clr cz_title_ba_line cz_title_pos_inline\"><div class=\"cz_title_content\"><div class=\"cz_wpe_content\"><h4><strong>Die Schwalben<\/strong><\/h4>\n<\/div><div class=\"cz_title_line cz_line_after_title\"><span>_<\/span><\/div><\/div><\/div>\n\t<div class=\"wpb_text_column wpb_content_element\" >\n\t\t<div class=\"wpb_wrapper\">\n\t\t\t<p><strong>MEHRZWECKSAAL KREZ<\/strong><br \/>\nApothekerstrasse 13, 8610 Uster<br \/>\n\u00d6ffnungszeiten: Jeden Freitag Zeit: 18:00-19:45<\/p>\n\n\t\t<\/div>\n\t<\/div>\n<\/div><\/div><\/div><\/div><\/div><\/div><div class=\"cz_gap clr\" style=\"height: 30px\"><\/div><div class=\"cz_eqh cz_content_box_parent_fx\"><div class=\"fx_bob_hover\"><div id=\"cz_54130\" class=\"cz_54130 cz_content_box clr\"><div class=\"cz_box_front clr\"><div class=\"cz_box_front_inner clr\"><span><\/span><div><div id=\"cz_40997\" class=\"cz_40997 cz_title clr cz_title_ba_line cz_title_pos_inline\"><div class=\"cz_title_content\"><div class=\"cz_wpe_content\"><h4><strong>Die Schmetterlinge<\/strong><\/h4>\n<\/div><div class=\"cz_title_line cz_line_after_title\"><span>_<\/span><\/div><\/div><\/div>\n\t<div class=\"wpb_text_column wpb_content_element\" >\n\t\t<div class=\"wpb_wrapper\">\n\t\t\t<p><strong>Freizeit - und Jugendzentrum Frjz<\/strong><br \/>\nZ\u00fcrichstrasse 30, 8610 Uster<br \/>\n\u00d6ffnungszeiten: Jeden Freitag Zeit: 18:00-19:45<\/p>\n\n\t\t<\/div>\n\t<\/div>\n<\/div><\/div><\/div><\/div><\/div><\/div><div class=\"cz_gap clr\" style=\"height: 30px\"><\/div><\/div><\/div><\/div><\/div><div class=\"vc_row wpb_row vc_row-fluid\"><div class=\"wpb_column vc_column_container vc_col-sm-12\"><div class=\"vc_column-inner\"><div class=\"wpb_wrapper\"><\/div><\/div><\/div><\/div><div class=\"vc_row wpb_row vc_row-fluid\"><div class=\"wpb_column vc_column_container vc_col-sm-12\"><div class=\"vc_column-inner\"><div class=\"wpb_wrapper\"><div class=\"cz_gap clr  hide_on_tablet hide_on_mobile\" style=\"height: 75px\"><\/div><div class=\"cz_gap show_on_tablet clr  show_only_tablet\" style=\"height: 30px\"><\/div><div class=\"cz_gap show_on_mobile clr\" style=\"height: 20px\"><\/div><\/div><\/div><\/div><\/div>\n<\/div>","protected":false},"excerpt":{"rendered":"Zgjidhni Formularin q\u00eb doni dhe Aplikoni Lokali i Shoqat\u00ebsSponsorimiB\u00ebhu An\u00ebtar i Shoqat\u00ebs BashkimiAplikim p\u00ebr Evente Grupet e Vall\u00ebzimit t\u00eb Shoqat\u00ebs","protected":false},"author":1,"featured_media":0,"parent":0,"menu_order":0,"comment_status":"closed","ping_status":"closed","template":"","meta":{"footnotes":""},"class_list":["post-3517","page","type-page","status-publish","hentry"],"_links":{"self":[{"href":"https:\/\/bashkimi.ch\/de\/wp-json\/wp\/v2\/pages\/3517","targetHints":{"allow":["GET"]}}],"collection":[{"href":"https:\/\/bashkimi.ch\/de\/wp-json\/wp\/v2\/pages"}],"about":[{"href":"https:\/\/bashkimi.ch\/de\/wp-json\/wp\/v2\/types\/page"}],"author":[{"embeddable":true,"href":"https:\/\/bashkimi.ch\/de\/wp-json\/wp\/v2\/users\/1"}],"replies":[{"embeddable":true,"href":"https:\/\/bashkimi.ch\/de\/wp-json\/wp\/v2\/comments?post=3517"}],"version-history":[{"count":8,"href":"https:\/\/bashkimi.ch\/de\/wp-json\/wp\/v2\/pages\/3517\/revisions"}],"predecessor-version":[{"id":3526,"href":"https:\/\/bashkimi.ch\/de\/wp-json\/wp\/v2\/pages\/3517\/revisions\/3526"}],"wp:attachment":[{"href":"https:\/\/bashkimi.ch\/de\/wp-json\/wp\/v2\/media?parent=3517"}],"curies":[{"name":"wp","href":"https:\/\/api.w.org\/{rel}","templated":true}]}}