{"id":6,"date":"2017-06-10T08:24:41","date_gmt":"2017-06-10T08:24:41","guid":{"rendered":"http:\/\/xtratheme.comgym\/?page_id=6"},"modified":"2026-01-30T00:40:08","modified_gmt":"2026-01-30T00:40:08","slug":"rrethnesh","status":"publish","type":"page","link":"https:\/\/bashkimi.ch\/de\/rrethnesh\/","title":{"rendered":"\u00dcber uns"},"content":{"rendered":"<div class=\"wpb-content-wrapper\"><div class=\"vc_row wpb_row vc_row-fluid\"><div class=\"wpb_column vc_column_container vc_col-sm-2 vc_col-lg-6\"><div class=\"vc_column-inner\"><div class=\"wpb_wrapper\"><div id=\"cz_26766\" class=\"cz_26766 cz_title clr cz_mobile_text_center cz_title_pos_inline\"><div class=\"cz_title_content\"><div class=\"cz_wpe_content\"><p><span style=\"font-size: 20px; color: #999999; font-weight: 300;\">\u00dcber Uns<\/span><\/p>\n<\/div><\/div><\/div><div id=\"cz_78240\" class=\"cz_78240 cz_title clr cz_mobile_text_center cz_title_ba_line cz_title_pos_inline\"><div class=\"cz_title_content\"><div class=\"cz_wpe_content\"><h3><span style=\"font-size: 48px; font-weight: bold;\"><strong style=\"font-weight: bold;\"><span style=\"font-weight: 300;\">Albanischer Verein<\/span> <\/strong><span style=\"color: #ff4938;\">Bashkimi<\/span><\/span><\/h3>\n<\/div><div class=\"cz_title_line cz_line_after_title\"><span>_<\/span><\/div><\/div><\/div><div id=\"cz_87023\" class=\"cz_87023 cz_title clr cz_mobile_text_center cz_title_pos_inline\"><div class=\"cz_title_content\"><div class=\"cz_wpe_content\"><p><span style=\"font-family: Arial; font-size: 16px;\">Der Verein Bashkimi in Uster ist ein Ort, an dem Kultur, Tradition und Solidarit\u00e4t zusammenkommen, um Generationen zu verbinden und unsere nationale Identit\u00e4t in der Diaspora mit Stolz zu bewahren.<\/span><br data-start=\"303\" data-end=\"306\" \/><span style=\"font-family: Arial; font-size: 16px;\">Gegr\u00fcndet im Jahr 1993 von vision\u00e4ren Emigranten mit grosser Liebe zur Heimat, hat sich Bashkimi zu einem lebendigen kulturellen und sozialen Zentrum entwickelt, das seit \u00fcber drei Jahrzehnten den albanischen Geist im Herzen der Schweiz lebendig h\u00e4lt. TEST<\/span><\/p>\n<hr \/>\n<p data-start=\"838\" data-end=\"853\"><span style=\"font-size: 17px;\"><strong><span style=\"font-family: Arial;\">Unsere Mission<\/span><\/strong><\/span><\/p>\n<p data-start=\"855\" data-end=\"1225\"><span style=\"font-family: Arial; font-size: 16px;\">Unsere Mission ist die Bewahrung und F\u00f6rderung der albanischen nationalen Identit\u00e4t \u2013 durch Kultur, Bildung, Sport und humanit\u00e4res Engagement.<\/span><br data-start=\"999\" data-end=\"1002\" \/><span style=\"font-family: Arial; font-size: 16px;\">Der Verein Bashkimi hat das Ziel, ein kooperatives und inspirierendes Umfeld zu schaffen, in dem sich Albaner jeden Alters mit ihren Wurzeln und miteinander verbunden f\u00fchlen \u2013 und sich gleichzeitig auf gesunde Weise in die Schweizer Gesellschaft integrieren.<\/span><\/p>\n<hr \/>\n<p data-start=\"1232\" data-end=\"1257\"><span style=\"font-size: 17px;\"><strong><span style=\"font-family: Arial;\">Werte, die uns verbinden<\/span><\/strong><\/span><\/p>\n<p data-start=\"1259\" data-end=\"1650\"><span style=\"font-family: Arial; font-size: 16px;\">Wir glauben an Zusammenhalt, Respekt, Hingabe und kulturelles Erbe.<\/span><br data-start=\"1320\" data-end=\"1323\" \/><span style=\"font-family: Arial; font-size: 16px;\">Durch unsere Aktivit\u00e4ten \u2013 von Festivals und kulturellen Messen \u00fcber Buchpr\u00e4sentationen bis hin zu traditionellen Abenden und Volkst\u00e4nzen \u2013 bleibt Bashkimi ein Ort, an dem die albanische Kultur lebt, tanzt und atmet.<\/span><br data-start=\"1538\" data-end=\"1541\" \/><span style=\"font-family: Arial; font-size: 16px;\">Kinder und Jugendliche stehen im Mittelpunkt unserer Mission \u2013 sie sind die Tr\u00e4ger unserer Werte, unserer Sprache und unserer Hoffnung f\u00fcr die Zukunft.<\/span><\/p>\n<hr \/>\n<p data-start=\"1657\" data-end=\"1682\"><span style=\"font-size: 17px;\"><strong><span style=\"font-family: Arial;\">Unser Gemeinschaftsverein<\/span><\/strong><\/span><\/p>\n<p data-start=\"1684\" data-end=\"2208\"><span style=\"font-family: Arial; font-size: 16px;\">Heute ist Bashkimi mehr als nur ein Verein \u2013 es ist eine gro\u00dfe Familie, die Menschen aus allen albanischen Regionen vereint.<\/span><br data-start=\"1812\" data-end=\"1815\" \/><span style=\"font-family: Arial; font-size: 16px;\">Wir organisieren Aktivit\u00e4ten, die die Integration f\u00f6rdern, das multikulturelle Zusammenleben st\u00e4rken und das positive Image der Albaner in der Schweiz festigen.<\/span><br data-start=\"1957\" data-end=\"1960\" \/><span style=\"font-family: Arial; font-size: 16px;\">Durch die Tanzgruppe, die Zeitschrift Bashkimi, Bildungsprojekte und interkulturelle Zusammenarbeit bleibt unser Verein ein lebendiges Beispiel daf\u00fcr, wie Kultur Herzen verbinden und Br\u00fccken des Verst\u00e4ndnisses schaffen kann.<\/span><\/p>\n<\/div><\/div><\/div><\/div><\/div><\/div><div class=\"wpb_column vc_column_container vc_col-sm-2\"><div class=\"vc_column-inner\"><div class=\"wpb_wrapper\"><div class=\"cz_eqh cz_content_box_parent_fx\"><div class=\"fx_bounce_hover\"><div id=\"cz_87689\" class=\"cz_87689 cz_content_box clr\" data-tilt><div class=\"cz_box_front clr\"><div class=\"cz_box_front_inner clr\"><span><\/span><div><div id=\"cz_66208\" data-disable-comma=\"\" data-duration=\"4000\" data-delay=\"1000\" class=\"cz_66208 cz_counter clr tac cz_2rows\"><div class=\"\"><span class=\"cz_counter_num_wrap\"><span class=\"cz_counter_num\">185<\/span><\/span><span class=\"cz_counter_after\">Mitglieder<\/span><\/div><\/div><\/div><\/div><\/div><\/div><\/div><\/div><\/div><\/div><\/div><div class=\"wpb_column vc_column_container vc_col-sm-2\"><div class=\"vc_column-inner\"><div class=\"wpb_wrapper\"><div class=\"cz_eqh cz_content_box_parent_fx\"><div class=\"fx_bounce_hover\"><div id=\"cz_43499\" class=\"cz_43499 cz_content_box clr\" data-tilt><div class=\"cz_box_front clr\"><div class=\"cz_box_front_inner clr\"><span><\/span><div><div id=\"cz_6427\" data-disable-comma=\"\" data-duration=\"3000\" data-delay=\"2000\" class=\"cz_6427 cz_counter clr tac cz_2rows\"><div class=\"\"><span class=\"cz_counter_num_wrap\"><span class=\"cz_counter_num\">268<\/span><i>+<\/i><\/span><span class=\"cz_counter_after\">T\u00e4nzer<\/span><\/div><\/div><\/div><\/div><\/div><\/div><\/div><\/div><\/div><\/div><\/div><div class=\"wpb_column vc_column_container vc_col-sm-2\"><div class=\"vc_column-inner\"><div class=\"wpb_wrapper\"><div class=\"cz_eqh cz_content_box_parent_fx\"><div class=\"fx_bounce_hover\"><div id=\"cz_27263\" class=\"cz_27263 cz_content_box clr\" data-tilt><div class=\"cz_box_front clr\"><div class=\"cz_box_front_inner clr\"><span><\/span><div><div id=\"cz_8484\" data-disable-comma=\"\" data-duration=\"3000\" data-delay=\"3000\" class=\"cz_8484 cz_counter clr tac cz_2rows\"><div class=\"\"><span class=\"cz_counter_num_wrap\"><span class=\"cz_counter_num\">500<\/span><i>+<\/i><\/span><span class=\"cz_counter_after\">Veranstaltungen<\/span><\/div><\/div><\/div><\/div><\/div><\/div><\/div><\/div><\/div><\/div><\/div><div class=\"wpb_column vc_column_container vc_col-sm-2\"><div class=\"vc_column-inner\"><div class=\"wpb_wrapper\"><div class=\"cz_eqh cz_content_box_parent_fx\"><div class=\"fx_bounce_hover\"><div id=\"cz_56624\" class=\"cz_56624 cz_content_box clr\" data-tilt><div class=\"cz_box_front clr\"><div class=\"cz_box_front_inner clr\"><span><\/span><div><div id=\"cz_24109\" data-disable-comma=\"\" data-duration=\"4000\" data-delay=\"0000\" class=\"cz_24109 cz_counter clr tac cz_2rows\"><div class=\"\"><span class=\"cz_counter_num_wrap\"><span class=\"cz_counter_num\">33<\/span><i>+<\/i><\/span><span class=\"cz_counter_after\">Jahre Aktivit\u00e4ten<\/span><\/div><\/div><\/div><\/div><\/div><\/div><\/div><\/div><\/div><\/div><\/div><div class=\"wpb_column vc_column_container vc_col-sm-2\"><div class=\"vc_column-inner\"><div class=\"wpb_wrapper\"><\/div><\/div><\/div><\/div><div class=\"vc_row wpb_row vc_row-fluid\"><div class=\"wpb_column vc_column_container vc_col-sm-6 vc_col-lg-3\"><div class=\"vc_column-inner\"><div class=\"wpb_wrapper\"><\/div><\/div><\/div><\/div><div class=\"vc_row wpb_row vc_row-fluid\"><div class=\"wpb_column vc_column_container vc_col-sm-12\"><div class=\"vc_column-inner\"><div class=\"wpb_wrapper\"><div class=\"cz_gap clr  hide_on_mobile\" style=\"height: 70px\"><\/div><div class=\"cz_gap show_on_mobile clr\" style=\"height: 50px\"><\/div><\/div><\/div><\/div><\/div>\n<\/div>","protected":false},"excerpt":{"rendered":"Rreth Nesh Shoqata Bashkimi _Shoqata \u201cBashkimi\u201d n\u00eb Uster \u00ebsht\u00eb nj\u00eb vend ku kultura, tradita dhe solidariteti bashkohen p\u00ebr t\u00eb lidhur","protected":false},"author":1,"featured_media":0,"parent":0,"menu_order":0,"comment_status":"closed","ping_status":"closed","template":"","meta":{"footnotes":""},"class_list":["post-6","page","type-page","status-publish","hentry"],"_links":{"self":[{"href":"https:\/\/bashkimi.ch\/de\/wp-json\/wp\/v2\/pages\/6","targetHints":{"allow":["GET"]}}],"collection":[{"href":"https:\/\/bashkimi.ch\/de\/wp-json\/wp\/v2\/pages"}],"about":[{"href":"https:\/\/bashkimi.ch\/de\/wp-json\/wp\/v2\/types\/page"}],"author":[{"embeddable":true,"href":"https:\/\/bashkimi.ch\/de\/wp-json\/wp\/v2\/users\/1"}],"replies":[{"embeddable":true,"href":"https:\/\/bashkimi.ch\/de\/wp-json\/wp\/v2\/comments?post=6"}],"version-history":[{"count":34,"href":"https:\/\/bashkimi.ch\/de\/wp-json\/wp\/v2\/pages\/6\/revisions"}],"predecessor-version":[{"id":3528,"href":"https:\/\/bashkimi.ch\/de\/wp-json\/wp\/v2\/pages\/6\/revisions\/3528"}],"wp:attachment":[{"href":"https:\/\/bashkimi.ch\/de\/wp-json\/wp\/v2\/media?parent=6"}],"curies":[{"name":"wp","href":"https:\/\/api.w.org\/{rel}","templated":true}]}}